{"id":1146,"date":"2021-01-20T17:04:12","date_gmt":"2021-01-20T17:04:12","guid":{"rendered":"https:\/\/madre.com.pt\/entertainment\/"},"modified":"2024-06-26T09:22:10","modified_gmt":"2024-06-26T09:22:10","slug":"entertainment","status":"publish","type":"page","link":"https:\/\/madre.com.pt\/en\/home\/entertainment\/","title":{"rendered":"Entertainment"},"content":{"rendered":"<div class=\"wpb-content-wrapper\"><p>[vc_row content_placement=&#8221;middle&#8221; css_animation=&#8221;fadeIn&#8221; el_class=&#8221;seccao-com-skew&#8221; css=&#8221;.vc_custom_1611162471158{background-image: url(https:\/\/madre.com.pt\/wp-content\/uploads\/2021\/01\/madre-entretenimento-scaled.jpg?id=1165) !important;background-position: center !important;background-repeat: no-repeat !important;background-size: cover !important;}&#8221; el_id=&#8221;setor-intro&#8221;][vc_column width=&#8221;1\/2&#8243;][\/vc_column][vc_column width=&#8221;1\/2&#8243; el_class=&#8221;skew&#8221; css=&#8221;.vc_custom_1609788609825{background-color: #ffffff !important;}&#8221;][vc_row_inner][vc_column_inner el_class=&#8221;skew-invert&#8221;][vc_column_text css_animation=&#8221;slideInRight&#8221; css=&#8221;&#8221; el_class=&#8221;text red&#8221;]<\/p>\n<h5>ENTERTAINMENT<\/h5>\n<h2>THE GROUP IS A BENCHMARK IN THE AUDIOVISUAL PRODUCTION AND BOOK PUBLISHING SECTORS<\/h2>\n<p>[\/vc_column_text][\/vc_column_inner][\/vc_row_inner][vc_raw_html]PGRpdiBjbGFzcz0ic2tldy1lbnRyZXRlbmltZW50byI+PC9kaXY+[\/vc_raw_html][\/vc_column][\/vc_row][vc_row el_id=&#8221;setor-destaque&#8221;][vc_column width=&#8221;1\/2&#8243;][vc_column_text css=&#8221;&#8221; el_class=&#8221;separador&#8221;]<\/p>\n<h3>ITS PRODUCTION CONDITIONS, INNOVATION AND ORIGINALITY HAVE GAINED NATIONAL AND INTERNATIONAL RECOGNITION<\/h3>\n<p>[\/vc_column_text][\/vc_column][vc_column width=&#8221;1\/2&#8243;][\/vc_column][\/vc_row][vc_row el_id=&#8221;setor-texto&#8221;][vc_column width=&#8221;1\/2&#8243;][vc_single_image image=&#8221;3633&#8243; img_size=&#8221;full&#8221; css=&#8221;&#8221;][\/vc_column][vc_column width=&#8221;1\/2&#8243;][vc_single_image image=&#8221;737&#8243; img_size=&#8221;200&#215;100&#8243; el_class=&#8221;setor-logo-img&#8221;][vc_column_text css=&#8221;&#8221; el_class=&#8221;red&#8221;]<\/p>\n<h4>Storytellers<\/h4>\n<p>Founded in 2007 by a team of shareholders with over 15 years&#8217; experience in the domestic audiovisual market, SP Televis\u00e3o has become a benchmark among its independent counterparts in Portugal and is the independent production company that produces the most hours of entertainment in Europe. It is part of the SP Group, with SPi and SP Entertainment, which defines itself as a storyteller. This has been led by the values that underpin it: talent, professionalism, transparency and integrity; as well as its output, 17 series, including <em>Conta-me Como Foi<\/em>, and 31 soap operas, such as <em>La\u00e7os de Sangue<\/em>, which won an International Emmy in 2011.<\/p>\n<p>The company has modern infrastructure and production facilities ranging from studios, covering a total area of 5,100 m\u00b2, to editing rooms (video, audio and colour post-production). With more than a hundred awards and nominations at national and international festivals, the investment in internationalisation has gained interest from other markets, with content sold to more than 32 countries.<\/p>\n<p><a href=\"https:\/\/www.sptelevisao.pt\/\" target=\"_blank\" rel=\"noopener\">Visit Website<\/a>[\/vc_column_text][\/vc_column][\/vc_row][vc_row el_class=&#8221;barra-divisoria&#8221;][vc_column][vc_separator color=&#8221;custom&#8221; accent_color=&#8221;#707070&#8243;][\/vc_column][\/vc_row][vc_row el_id=&#8221;setor-destaque&#8221;][vc_column width=&#8221;1\/2&#8243;][vc_column_text css=&#8221;&#8221; el_class=&#8221;separador&#8221;]<\/p>\n<h3>IN THE MIDST OF GLOBALISATION, THE PRODUCTION OF TELEVISION CONTENT HAS NO BORDERS<\/h3>\n<p>[\/vc_column_text][\/vc_column][vc_column width=&#8221;1\/2&#8243;][\/vc_column][\/vc_row][vc_row el_id=&#8221;setor-texto&#8221;][vc_column width=&#8221;1\/2&#8243;][vc_single_image image=&#8221;3630&#8243; img_size=&#8221;full&#8221; css=&#8221;&#8221;][\/vc_column][vc_column width=&#8221;1\/2&#8243;][vc_single_image image=&#8221;3627&#8243; img_size=&#8221;360&#215;59&#8243; css=&#8221;&#8221; el_class=&#8221;setor-logo-img&#8221;][vc_column_text css=&#8221;&#8221; el_class=&#8221;red&#8221;]<strong>Serving an international audience<\/strong><\/p>\n<p>SPi, created in 2007, is dedicated to developing international projects such as fictional TV series, documentaries and lifestyle content. It has become a pioneer in Portugal with content for streaming platforms such as Netflix, HBO MAX and Prime Video. Its portfolio includes <em>Gl\u00f3ria<\/em> (2021), the first original Portuguese series broadcast on Netflix, as well as <em>Auga Seca<\/em>, <em>Motel Valqu\u00edrias<\/em> and <em>Codex 632<\/em>, among other titles.<\/p>\n<p>SP Entertainment is dedicated to original entertainment content of various genres, such as <em>A Ilha do Panda<\/em>, as well as major live shows such as the Eurovision Song Contest. It has developed original formats for general stations and cable channels, created digital applications for its formats and produces programmes based on international formats. The <em>Ah, Am\u00e1lia \u2013 Living Experience <\/em>exhibition, a tribute to the fado diva, uses modern exhibition and display technologies.<\/p>\n<p><a href=\"http:\/\/www.sp-i.pt\/pt\/\" target=\"_blank\" rel=\"noopener\">Visit Website<\/a>[\/vc_column_text][\/vc_column][\/vc_row][vc_row el_class=&#8221;barra-divisoria&#8221;][vc_column][vc_separator color=&#8221;custom&#8221; accent_color=&#8221;#707070&#8243;][\/vc_column][\/vc_row][vc_row el_id=&#8221;setor-destaque&#8221;][vc_column width=&#8221;1\/2&#8243;][vc_column_text css=&#8221;&#8221; el_class=&#8221;separador&#8221;]<\/p>\n<h3>GUERRA &amp; PAZ EDITORES\u2019 GOAL IS TO GET BOOKS OUT TO THE PUBLIC BY INVESTING IN HIGH-VISIBILITY DISTRIBUTION<\/h3>\n<p>[\/vc_column_text][\/vc_column][vc_column width=&#8221;1\/2&#8243;][\/vc_column][\/vc_row][vc_row el_id=&#8221;setor-texto&#8221;][vc_column width=&#8221;1\/2&#8243;][vc_single_image image=&#8221;3637&#8243; img_size=&#8221;full&#8221; css=&#8221;&#8221;][\/vc_column][vc_column width=&#8221;1\/2&#8243;][vc_single_image image=&#8221;3645&#8243; img_size=&#8221;293&#215;100&#8243; css=&#8221;&#8221; el_class=&#8221;setor-logo-img&#8221;][vc_column_text css=&#8221;&#8221; el_class=&#8221;red&#8221;]<\/p>\n<h4>A call to reading<\/h4>\n<p>Since 2006, Guerra &amp; Paz, a general publishing house, has stood out for its unbiased and tolerant approach. The catalogue focuses on universal cultural heritage and modern trends, using innovative graphic language. It challenges a wide audience to read or re-read the classics, from E\u00e7a to Machado de Assis, from Ant\u00f3nio Vieira to Twain, from Wilde to Conrad, and others. Among Portuguese authors, Sena, Sophia and Eug\u00e9nio de Andrade stand out. The publisher also welcomes works by contemporary authors, from Jo\u00e3o C\u00e9u e Silva to Eug\u00e9nia de Vasconcellos, namely.<\/p>\n<p>The launches are divided into collections such as Os Livros N\u00e3o se Rendem, Tr\u00eas Sinais, &#8230; o fio da mem\u00f3ria, among others, namely in partnership with various institutions. It also includes two other labels, Euforia and Cris\u00e2ntemo.<\/p>\n<p>With a back catalogue of around a thousand titles, it also meets new reading trends with an annual digital edition of 50 ebooks.<\/p>\n<p><a href=\"https:\/\/www.guerraepaz.pt\/\" target=\"_blank\" rel=\"noopener\">Visit Website<\/a>[\/vc_column_text][\/vc_column][\/vc_row][vc_row css_animation=&#8221;fadeInRight&#8221; el_id=&#8221;setor-grupo-madre&#8221;][vc_column][vc_column_text css=&#8221;.vc_custom_1609955507586{background-image: url(https:\/\/madre.com.pt\/wp-content\/uploads\/2021\/01\/the-new-york-public-library-yEauzeZU6xo-unsplash.jpg?id=167) !important;background-position: center !important;background-repeat: no-repeat !important;background-size: cover !important;}&#8221; el_class=&#8221;link-internacional&#8221;]<a href=\"https:\/\/madre.com.pt\/en\/home\/international\/\">Internacional<\/a>[\/vc_column_text][vc_column_text css=&#8221;.vc_custom_1609955540446{background-image: url(https:\/\/madre.com.pt\/wp-content\/uploads\/2021\/01\/blue-and-yellow-graph-on-stock-market-monitor-159888_2.jpg?id=164) !important;background-position: center !important;background-repeat: no-repeat !important;background-size: cover !important;}&#8221; el_class=&#8221;link-capital&#8221;]<a href=\"https:\/\/madre.com.pt\/en\/home\/capital\/\">Capital<\/a>[\/vc_column_text][vc_column_text css=&#8221;.vc_custom_1609955551094{background-image: url(https:\/\/madre.com.pt\/wp-content\/uploads\/2021\/01\/Adriana_Panoramic-View.jpg?id=163) !important;background-position: center !important;background-repeat: no-repeat !important;background-size: cover !important;}&#8221; el_class=&#8221;link-turismo&#8221;]<a href=\"https:\/\/madre.com.pt\/en\/home\/tourism\/\">Tourism<\/a>[\/vc_column_text][vc_column_text css=&#8221;.vc_custom_1609955574397{background-image: url(https:\/\/madre.com.pt\/wp-content\/uploads\/2021\/01\/hayden-scott-nvmC0hSW0cU-unsplash.jpg?id=165) !important;background-position: center !important;background-repeat: no-repeat !important;background-size: cover !important;}&#8221; el_class=&#8221;link-imobiliario&#8221;]<a href=\"https:\/\/madre.com.pt\/en\/home\/real-estate\/\">Real Estate<\/a>[\/vc_column_text][\/vc_column][\/vc_row]<\/p>\n<\/div>","protected":false},"excerpt":{"rendered":"<p>[vc_row content_placement=&#8221;middle&#8221; css_animation=&#8221;fadeIn&#8221; el_class=&#8221;seccao-com-skew&#8221; css=&#8221;.vc_custom_1611162471158{background-image: url(https:\/\/madre.com.pt\/wp-content\/uploads\/2021\/01\/madre-entretenimento-scaled.jpg?id=1165) !important;background-position: center !important;background-repeat: no-repeat !important;background-size: cover !important;}&#8221; el_id=&#8221;setor-intro&#8221;][vc_column width=&#8221;1\/2&#8243;][\/vc_column][vc_column width=&#8221;1\/2&#8243; el_class=&#8221;skew&#8221; css=&#8221;.vc_custom_1609788609825{background-color: #ffffff !important;}&#8221;][vc_row_inner][vc_column_inner el_class=&#8221;skew-invert&#8221;][vc_column_text css_animation=&#8221;slideInRight&#8221; css=&#8221;&#8221; el_class=&#8221;text red&#8221;] ENTERTAINMENT THE GROUP IS A BENCHMARK IN THE AUDIOVISUAL PRODUCTION AND BOOK PUBLISHING SECTORS [\/vc_column_text][\/vc_column_inner][\/vc_row_inner][vc_raw_html]PGRpdiBjbGFzcz0ic2tldy1lbnRyZXRlbmltZW50byI+PC9kaXY+[\/vc_raw_html][\/vc_column][\/vc_row][vc_row el_id=&#8221;setor-destaque&#8221;][vc_column width=&#8221;1\/2&#8243;][vc_column_text css=&#8221;&#8221; el_class=&#8221;separador&#8221;] ITS PRODUCTION CONDITIONS, INNOVATION AND ORIGINALITY HAVE GAINED NATIONAL AND INTERNATIONAL [&hellip;]<\/p>\n","protected":false},"author":3,"featured_media":0,"parent":1190,"menu_order":0,"comment_status":"closed","ping_status":"closed","template":"","meta":{"inline_featured_image":false,"footnotes":""},"class_list":["post-1146","page","type-page","status-publish","hentry"],"yoast_head":"<!-- This site is optimized with the Yoast SEO plugin v27.3 - https:\/\/yoast.com\/product\/yoast-seo-wordpress\/ -->\n<title>Entertainment - Grupo Madre<\/title>\n<meta name=\"robots\" content=\"index, follow, max-snippet:-1, max-image-preview:large, max-video-preview:-1\" \/>\n<link rel=\"canonical\" href=\"https:\/\/madre.com.pt\/en\/home\/entertainment\/\" \/>\n<meta property=\"og:locale\" content=\"en_US\" \/>\n<meta property=\"og:type\" content=\"article\" \/>\n<meta property=\"og:title\" content=\"Entertainment - Grupo Madre\" \/>\n<meta property=\"og:description\" content=\"[vc_row content_placement=&#8221;middle&#8221; css_animation=&#8221;fadeIn&#8221; el_class=&#8221;seccao-com-skew&#8221; css=&#8221;.vc_custom_1611162471158{background-image: url(https:\/\/madre.com.pt\/wp-content\/uploads\/2021\/01\/madre-entretenimento-scaled.jpg?id=1165) !important;background-position: center !important;background-repeat: no-repeat !important;background-size: cover !important;}&#8221; el_id=&#8221;setor-intro&#8221;][vc_column width=&#8221;1\/2&#8243;][\/vc_column][vc_column width=&#8221;1\/2&#8243; el_class=&#8221;skew&#8221; css=&#8221;.vc_custom_1609788609825{background-color: #ffffff !important;}&#8221;][vc_row_inner][vc_column_inner el_class=&#8221;skew-invert&#8221;][vc_column_text css_animation=&#8221;slideInRight&#8221; css=&#8221;&#8221; el_class=&#8221;text red&#8221;] ENTERTAINMENT THE GROUP IS A BENCHMARK IN THE AUDIOVISUAL PRODUCTION AND BOOK PUBLISHING SECTORS [\/vc_column_text][\/vc_column_inner][\/vc_row_inner][vc_raw_html]PGRpdiBjbGFzcz0ic2tldy1lbnRyZXRlbmltZW50byI+PC9kaXY+[\/vc_raw_html][\/vc_column][\/vc_row][vc_row el_id=&#8221;setor-destaque&#8221;][vc_column width=&#8221;1\/2&#8243;][vc_column_text css=&#8221;&#8221; el_class=&#8221;separador&#8221;] ITS PRODUCTION CONDITIONS, INNOVATION AND ORIGINALITY HAVE GAINED NATIONAL AND INTERNATIONAL [&hellip;]\" \/>\n<meta property=\"og:url\" content=\"https:\/\/madre.com.pt\/en\/home\/entertainment\/\" \/>\n<meta property=\"og:site_name\" content=\"Grupo Madre\" \/>\n<meta property=\"article:modified_time\" content=\"2024-06-26T09:22:10+00:00\" \/>\n<meta name=\"twitter:card\" content=\"summary_large_image\" \/>\n<meta name=\"twitter:label1\" content=\"Est. reading time\" \/>\n\t<meta name=\"twitter:data1\" content=\"5 minutes\" \/>\n<script type=\"application\/ld+json\" class=\"yoast-schema-graph\">{\"@context\":\"https:\\\/\\\/schema.org\",\"@graph\":[{\"@type\":\"WebPage\",\"@id\":\"https:\\\/\\\/madre.com.pt\\\/en\\\/home\\\/entertainment\\\/\",\"url\":\"https:\\\/\\\/madre.com.pt\\\/en\\\/home\\\/entertainment\\\/\",\"name\":\"Entertainment - Grupo Madre\",\"isPartOf\":{\"@id\":\"\\\/#website\"},\"datePublished\":\"2021-01-20T17:04:12+00:00\",\"dateModified\":\"2024-06-26T09:22:10+00:00\",\"breadcrumb\":{\"@id\":\"https:\\\/\\\/madre.com.pt\\\/en\\\/home\\\/entertainment\\\/#breadcrumb\"},\"inLanguage\":\"en-US\",\"potentialAction\":[{\"@type\":\"ReadAction\",\"target\":[\"https:\\\/\\\/madre.com.pt\\\/en\\\/home\\\/entertainment\\\/\"]}]},{\"@type\":\"BreadcrumbList\",\"@id\":\"https:\\\/\\\/madre.com.pt\\\/en\\\/home\\\/entertainment\\\/#breadcrumb\",\"itemListElement\":[{\"@type\":\"ListItem\",\"position\":1,\"name\":\"In\u00edcio\",\"item\":\"https:\\\/\\\/madre.com.pt\\\/en\\\/\"},{\"@type\":\"ListItem\",\"position\":2,\"name\":\"Home\",\"item\":\"https:\\\/\\\/madre.com.pt\\\/en\\\/\"},{\"@type\":\"ListItem\",\"position\":3,\"name\":\"Entertainment\"}]},{\"@type\":\"WebSite\",\"@id\":\"\\\/#website\",\"url\":\"\\\/\",\"name\":\"Grupo Madre\",\"description\":\"Uma Vis&atilde;o Concertada do Futuro\",\"publisher\":{\"@id\":\"\\\/#organization\"},\"potentialAction\":[{\"@type\":\"SearchAction\",\"target\":{\"@type\":\"EntryPoint\",\"urlTemplate\":\"\\\/?s={search_term_string}\"},\"query-input\":{\"@type\":\"PropertyValueSpecification\",\"valueRequired\":true,\"valueName\":\"search_term_string\"}}],\"inLanguage\":\"en-US\"},{\"@type\":\"Organization\",\"@id\":\"\\\/#organization\",\"name\":\"Grupo Madre\",\"url\":\"\\\/\",\"logo\":{\"@type\":\"ImageObject\",\"inLanguage\":\"en-US\",\"@id\":\"\\\/#\\\/schema\\\/logo\\\/image\\\/\",\"url\":\"https:\\\/\\\/madre.com.pt\\\/wp-content\\\/uploads\\\/2020\\\/12\\\/cropped-Grupo_Madre_RGB-1.png\",\"contentUrl\":\"https:\\\/\\\/madre.com.pt\\\/wp-content\\\/uploads\\\/2020\\\/12\\\/cropped-Grupo_Madre_RGB-1.png\",\"width\":512,\"height\":512,\"caption\":\"Grupo Madre\"},\"image\":{\"@id\":\"\\\/#\\\/schema\\\/logo\\\/image\\\/\"}}]}<\/script>\n<!-- \/ Yoast SEO plugin. -->","yoast_head_json":{"title":"Entertainment - Grupo Madre","robots":{"index":"index","follow":"follow","max-snippet":"max-snippet:-1","max-image-preview":"max-image-preview:large","max-video-preview":"max-video-preview:-1"},"canonical":"https:\/\/madre.com.pt\/en\/home\/entertainment\/","og_locale":"en_US","og_type":"article","og_title":"Entertainment - Grupo Madre","og_description":"[vc_row content_placement=&#8221;middle&#8221; css_animation=&#8221;fadeIn&#8221; el_class=&#8221;seccao-com-skew&#8221; css=&#8221;.vc_custom_1611162471158{background-image: url(https:\/\/madre.com.pt\/wp-content\/uploads\/2021\/01\/madre-entretenimento-scaled.jpg?id=1165) !important;background-position: center !important;background-repeat: no-repeat !important;background-size: cover !important;}&#8221; el_id=&#8221;setor-intro&#8221;][vc_column width=&#8221;1\/2&#8243;][\/vc_column][vc_column width=&#8221;1\/2&#8243; el_class=&#8221;skew&#8221; css=&#8221;.vc_custom_1609788609825{background-color: #ffffff !important;}&#8221;][vc_row_inner][vc_column_inner el_class=&#8221;skew-invert&#8221;][vc_column_text css_animation=&#8221;slideInRight&#8221; css=&#8221;&#8221; el_class=&#8221;text red&#8221;] ENTERTAINMENT THE GROUP IS A BENCHMARK IN THE AUDIOVISUAL PRODUCTION AND BOOK PUBLISHING SECTORS [\/vc_column_text][\/vc_column_inner][\/vc_row_inner][vc_raw_html]PGRpdiBjbGFzcz0ic2tldy1lbnRyZXRlbmltZW50byI+PC9kaXY+[\/vc_raw_html][\/vc_column][\/vc_row][vc_row el_id=&#8221;setor-destaque&#8221;][vc_column width=&#8221;1\/2&#8243;][vc_column_text css=&#8221;&#8221; el_class=&#8221;separador&#8221;] ITS PRODUCTION CONDITIONS, INNOVATION AND ORIGINALITY HAVE GAINED NATIONAL AND INTERNATIONAL [&hellip;]","og_url":"https:\/\/madre.com.pt\/en\/home\/entertainment\/","og_site_name":"Grupo Madre","article_modified_time":"2024-06-26T09:22:10+00:00","twitter_card":"summary_large_image","twitter_misc":{"Est. reading time":"5 minutes"},"schema":{"@context":"https:\/\/schema.org","@graph":[{"@type":"WebPage","@id":"https:\/\/madre.com.pt\/en\/home\/entertainment\/","url":"https:\/\/madre.com.pt\/en\/home\/entertainment\/","name":"Entertainment - Grupo Madre","isPartOf":{"@id":"\/#website"},"datePublished":"2021-01-20T17:04:12+00:00","dateModified":"2024-06-26T09:22:10+00:00","breadcrumb":{"@id":"https:\/\/madre.com.pt\/en\/home\/entertainment\/#breadcrumb"},"inLanguage":"en-US","potentialAction":[{"@type":"ReadAction","target":["https:\/\/madre.com.pt\/en\/home\/entertainment\/"]}]},{"@type":"BreadcrumbList","@id":"https:\/\/madre.com.pt\/en\/home\/entertainment\/#breadcrumb","itemListElement":[{"@type":"ListItem","position":1,"name":"In\u00edcio","item":"https:\/\/madre.com.pt\/en\/"},{"@type":"ListItem","position":2,"name":"Home","item":"https:\/\/madre.com.pt\/en\/"},{"@type":"ListItem","position":3,"name":"Entertainment"}]},{"@type":"WebSite","@id":"\/#website","url":"\/","name":"Grupo Madre","description":"Uma Vis&atilde;o Concertada do Futuro","publisher":{"@id":"\/#organization"},"potentialAction":[{"@type":"SearchAction","target":{"@type":"EntryPoint","urlTemplate":"\/?s={search_term_string}"},"query-input":{"@type":"PropertyValueSpecification","valueRequired":true,"valueName":"search_term_string"}}],"inLanguage":"en-US"},{"@type":"Organization","@id":"\/#organization","name":"Grupo Madre","url":"\/","logo":{"@type":"ImageObject","inLanguage":"en-US","@id":"\/#\/schema\/logo\/image\/","url":"https:\/\/madre.com.pt\/wp-content\/uploads\/2020\/12\/cropped-Grupo_Madre_RGB-1.png","contentUrl":"https:\/\/madre.com.pt\/wp-content\/uploads\/2020\/12\/cropped-Grupo_Madre_RGB-1.png","width":512,"height":512,"caption":"Grupo Madre"},"image":{"@id":"\/#\/schema\/logo\/image\/"}}]}},"_links":{"self":[{"href":"https:\/\/madre.com.pt\/en\/wp-json\/wp\/v2\/pages\/1146","targetHints":{"allow":["GET"]}}],"collection":[{"href":"https:\/\/madre.com.pt\/en\/wp-json\/wp\/v2\/pages"}],"about":[{"href":"https:\/\/madre.com.pt\/en\/wp-json\/wp\/v2\/types\/page"}],"author":[{"embeddable":true,"href":"https:\/\/madre.com.pt\/en\/wp-json\/wp\/v2\/users\/3"}],"replies":[{"embeddable":true,"href":"https:\/\/madre.com.pt\/en\/wp-json\/wp\/v2\/comments?post=1146"}],"version-history":[{"count":20,"href":"https:\/\/madre.com.pt\/en\/wp-json\/wp\/v2\/pages\/1146\/revisions"}],"predecessor-version":[{"id":3891,"href":"https:\/\/madre.com.pt\/en\/wp-json\/wp\/v2\/pages\/1146\/revisions\/3891"}],"up":[{"embeddable":true,"href":"https:\/\/madre.com.pt\/en\/wp-json\/wp\/v2\/pages\/1190"}],"wp:attachment":[{"href":"https:\/\/madre.com.pt\/en\/wp-json\/wp\/v2\/media?parent=1146"}],"curies":[{"name":"wp","href":"https:\/\/api.w.org\/{rel}","templated":true}]}}