{"id":1433,"date":"2021-01-20T20:42:55","date_gmt":"2021-01-20T20:42:55","guid":{"rendered":"https:\/\/madre.com.pt\/about-us\/"},"modified":"2025-12-03T12:13:13","modified_gmt":"2025-12-03T12:13:13","slug":"about-us","status":"publish","type":"page","link":"https:\/\/madre.com.pt\/en\/about-us\/","title":{"rendered":"About us"},"content":{"rendered":"<div class=\"wpb-content-wrapper\"><p>[vc_row el_id=&#8221;quem-somos&#8221;][vc_column][vc_column_text el_class=&#8221;separador&#8221;]<\/p>\n<h2>About us<\/h2>\n<p>[\/vc_column_text][vc_row_inner el_class=&#8221;intro-quem-somos&#8221;][vc_column_inner width=&#8221;2\/12&#8243;][vc_single_image image=&#8221;1298&#8243; img_size=&#8221;full&#8221; el_class=&#8221;img-antonio-parente&#8221;][vc_column_text el_class=&#8221;legenda&#8221;]<\/p>\n<h5>\/ Ant\u00f3nio Parente<\/h5>\n<p>[\/vc_column_text][\/vc_column_inner][vc_column_inner width=&#8221;6\/12&#8243;][vc_column_text css=&#8221;&#8221; el_class=&#8221;quem-somos-overflow&#8221;]Grupo Madre is a business group with solely Portuguese capital and a history that spans over 40+ years known for its capacity for innovation and ability to stay on top of market trends in order to focus on its customers&#8217; needs.<\/p>\n<p>Initially focusing on the metalworking sector, the Group has since pursued new avenues for expansion, focusing on accelerated and dynamic organic growth. This approach led to the Group&#8217;s current organizational profile, following its reorganisation at the end of 2019.<\/p>\n<p>The structure and central core that drives sustained growth is based on a model of strategic business units specialised by value creation centres, in order to enable autonomous management within each business segment. And with the aim of being able to ensure an increase in its competitiveness, guaranteeing the flexibility and dynamic performance that is essential for the Group&#8217;s growth through selective investments with controlled risk.<\/p>\n<p>There are five main business units that manage the different shareholdings: Madre Turismo, Madre Entretenimento, Madre Imobili\u00e1rio, Madre Capital and Madre Internacional, and in each one we aim for the excellence that is at the core of our Mission, Vision and Values that have always guided our positioning in the market.<\/p>\n<p>I invite you to visit us by reading each of our pages aimed at summarising what we do and the NEWS page where you can access regular updates on our work across different sectors.<\/p>\n<p>Welcome!<\/p>\n<p>Ant\u00f3nio Parente[\/vc_column_text][\/vc_column_inner][vc_column_inner el_class=&#8221;before&#8221; width=&#8221;4\/12&#8243;][vc_single_image image=&#8221;1299&#8243; img_size=&#8221;full&#8221;][\/vc_column_inner][\/vc_row_inner][\/vc_column][\/vc_row][vc_row css=&#8221;.vc_custom_1610038314537{background-color: #c49345 !important;}&#8221; el_id=&#8221;sobre-grupo-madre&#8221;][vc_column width=&#8221;1\/2&#8243;][vc_column_text el_class=&#8221;separador white&#8221;]<\/p>\n<h2>About the<br \/>\nGrupo Madre<\/h2>\n<p>[\/vc_column_text][vc_column_text css=&#8221;&#8221; el_class=&#8221;titulo-terciario white&#8221;]<\/p>\n<h4>Mission<br \/>\nVision<br \/>\nValues<\/h4>\n<p><a href=\"https:\/\/madre.com.pt\/wp-content\/uploads\/2025\/12\/Codigo_de_Conduta_Madre_Rev_2025.11.28.pdf\" target=\"_blank\" rel=\"noopener\">C\u00f3digo de Conduta<\/a><br \/><a href=\"https:\/\/madre.com.pt\/wp-content\/uploads\/2025\/12\/PPR_Madre_Rev_2025.11.28.pdf\" target=\"_blank\" rel=\"noopener\">Plano de Preven\u00e7\u00e3o de Riscos de Corrup\u00e7\u00e3o<\/a>[\/vc_column_text][\/vc_column][vc_column width=&#8221;1\/2&#8243;][vc_column_text el_class=&#8221;white&#8221;]Creating value in a sustained manner is a concern inherent to the activities of the Grupo Madre, which range over significant sectors of the domestic economy. This is an authentic mission reflected in the companies, encouraging motivation to achieve competence, with a view to achieving high levels of operating efficiency and excellence and supported by the advancement of Human Resources. Over the course of what is now several decades, the Group has grown organically through the acquisition of national and international business units, to the point of becoming a leading player in the sectors in which it operates. This development has led to the consolidation of brands with strong identities. One of these strands lies in its understanding of its role in society and the advancement of best practice in conservation of the environment and natural resources. The Group is inspired by values of business ethics, a quest for market-oriented customer loyalty and a constant search for new business opportunities, while paying attention to the continuous development of technology and the trends of contemporary society.[\/vc_column_text][\/vc_column][\/vc_row][vc_row content_placement=&#8221;middle&#8221; el_class=&#8221;seccao-com-skew&#8221; css=&#8221;.vc_custom_1611169049656{background-image: url(https:\/\/madre.com.pt\/wp-content\/uploads\/2021\/01\/pauta.jpg?id=413) !important;background-position: center !important;background-repeat: no-repeat !important;background-size: cover !important;}&#8221; el_id=&#8221;skew-mobile&#8221;][vc_column width=&#8221;1\/2&#8243;][\/vc_column][vc_column width=&#8221;1\/2&#8243; el_class=&#8221;skew&#8221;][vc_row_inner][vc_column_inner el_class=&#8221;skew-invert&#8221;][vc_column_text]<\/p>\n<h2>DEFINING<br \/>\nTHE TEMPO<br \/>\nOF THE FUTURE<\/h2>\n<p>[\/vc_column_text][\/vc_column_inner][\/vc_row_inner][vc_raw_html]PGRpdiBjbGFzcz0ic2tldy1icm93biI+PC9kaXY+[\/vc_raw_html][\/vc_column][\/vc_row][vc_row css=&#8221;.vc_custom_1610107955860{background-color: #99755f !important;}&#8221; el_id=&#8221;conceito&#8221;][vc_column width=&#8221;1\/2&#8243;][vc_column_text el_class=&#8221;separador&#8221;]<\/p>\n<h2>Concept<\/h2>\n<p>[\/vc_column_text][vc_column_text el_class=&#8221;titulo-terciario&#8221;]<\/p>\n<h4>A concerted<br \/>\nvision of<br \/>\nthe future<\/h4>\n<p>[\/vc_column_text][\/vc_column][vc_column width=&#8221;1\/2&#8243;][vc_column_text]When one imagines a group of undertakings, the musical universe is possibly one of the last things that would occur to us. However, music was probably one of the first means of communication, predating the invention of language itself and functioning as a point of connection between humans during the emergence of the first great prehistoric societies. With the concept \u201cA Concerted Vision of the Future\u201d, we have recovered this ancestral connection to communicate the harmony we have achieved within the Grupo Madre. The realm of the concert reveals the common thread running through the different business areas, and the harmony between them. The logo was designed to reflect this harmonisation, with the connection between the letters alluding to the movements of the conductor\u2019s baton and the naturalness with which, with a simple movement, it is possible to create harmony from diversity. A diagonal line was extracted from the base of the logo, which may be subjectively interpreted as a baton, assuming a distinctive role in communication.[\/vc_column_text][\/vc_column][\/vc_row][vc_row el_id=&#8221;percurso&#8221;][vc_column width=&#8221;1\/2&#8243; el_class=&#8221;sticky&#8221;][vc_column_text el_class=&#8221;separador&#8221;]<\/p>\n<h2>A journey in crescendo<\/h2>\n<p>[\/vc_column_text][\/vc_column][vc_column width=&#8221;1\/2&#8243; el_class=&#8221;sticky-content&#8221;][vc_column_text el_class=&#8221;sticky-item&#8221;]<\/p>\n<h3>Extremely dynamic, the Madre Group paved the way in innovative areas in the country, such as Audiovisual and Alternative Energy, and gained a position in Tourism, a key sector of the Economy.<\/h3>\n<p>[\/vc_column_text][vc_column_text css=&#8221;&#8221; el_class=&#8221;sticky-item&#8221;]<\/p>\n<h4>2024<\/h4>\n<p><\/p>\n<p style=\"font-weight: 400;\"><strong>Obtention of the GDP license, strengthening our position in the Medicinal Cannabis market<\/strong><\/p>\n<p><\/p>\n<p style=\"font-weight: 400;\">With Agrivabe&#8217;s ongoing efforts to strengthen its position in the market, the GDP license has been obtained. In addition to all the activities Agrivabe has already been performing, this license also allows the company to purchase and distribute products from other manufacturers\/suppliers. This achievement establishes Agrivabe as the first company to obtain all licenses for all activities within this industry.<\/p>\n<p>[\/vc_column_text][vc_column_text css=&#8221;&#8221; el_class=&#8221;sticky-item&#8221;]<\/p>\n<h4>2021<\/h4>\n<p><\/p>\n<p style=\"font-weight: 400;\"><strong>Entry into the Medicinal Cannabis market, obtaining the GMP II license<br \/>\n<\/strong>With a production capacity of 10 tons per year, Agrivabe obtains GMP II license. It now cultivates, manufactures, and sells medicinal cannabis in the form of premium flower, ready for consumption, for the international market.<\/p>\n<p>[\/vc_column_text][vc_column_text el_class=&#8221;sticky-item&#8221;]<\/p>\n<h4>2019<\/h4>\n<p><strong>Reorganisation of the Grupo Madre<\/strong><br \/>To clarify its company structure, the Group was reorganised according to a rationale of strategic business units, by means of the demerger of MADRE SGPS into five sub-holdings.[\/vc_column_text][vc_column_text css=&#8221;&#8221; el_class=&#8221;sticky-item&#8221;]<\/p>\n<h4>2016<\/h4>\n<p><\/p>\n<p style=\"font-weight: 400;\"><strong>Entry into the luxury real estate market in Spain<br \/>\n<\/strong>With the creation of Casas Fintech, the Group strengthens its footprint in the real estate market, expanding its activity into the luxury segment, focused on the Marbella area.<\/p>\n<p>[\/vc_column_text][vc_column_text el_class=&#8221;sticky-item&#8221;]<\/p>\n<h4>2015<\/h4>\n<p><strong>Abandonment of Machinery with the sale of SIMI<\/strong><br \/>This company, which became a member of the Group in 1989 and left its mark on major public and private works, both nationally and internationally, ceases to be a member of the Group.[\/vc_column_text][vc_column_text el_class=&#8221;sticky-item&#8221;]<\/p>\n<h4>2011<\/h4>\n<p><strong>Entry into the fruit cultivation segment with Agrivabe<\/strong><br \/>This project involves the production of red fruits and tropical fruits both for export and for local markets.[\/vc_column_text][vc_column_text el_class=&#8221;sticky-item&#8221;]<\/p>\n<h4>2009<\/h4>\n<p><strong>Entry into the Health Sector through an interest in Base Holding<\/strong><br \/>The Grupo Madre now forms part of a national representation structure in Medical Imaging, Cardiology and Clinical Analyses. The interest was sold in 2014.[\/vc_column_text][vc_column_text el_class=&#8221;sticky-item&#8221;]<\/p>\n<h4>2009<\/h4>\n<p><strong>Sale of the Vendap Group<\/strong><br \/>A number of companies leave the Group that, over more than two decades, operated in the area of equipment hire.[\/vc_column_text][vc_column_text el_class=&#8221;sticky-item&#8221;]<\/p>\n<h4>2008<\/h4>\n<p><strong>Entry into Renewable Energies, with Iberwind<\/strong><br \/>Investment in the increasingly important process of creating alternative energy sources. The interest was sold in 2015.[\/vc_column_text][vc_column_text el_class=&#8221;sticky-item&#8221;]<\/p>\n<h4>2008<\/h4>\n<p><strong>Acquisition of a qualifying holding in the Impresa Group<\/strong><br \/>Becomes a member of a leading business group, which plays an essential role in the Media, with SIC and Expresso.[\/vc_column_text][vc_column_text el_class=&#8221;sticky-item&#8221;]<\/p>\n<h4>2007<\/h4>\n<p><strong>Entry into the publishing sector, with acquisition of an interest in Guerra &amp; Paz<\/strong><br \/>Engaging in both the reedition of classics and the publication of contemporary works, the publisher pursues a strategy aimed at forging closer links with its readers.[\/vc_column_text][vc_column_text el_class=&#8221;sticky-item&#8221;]<\/p>\n<h4>2007<\/h4>\n<p><strong>Entry into the tourism market, with the acquisition of the Adriana Beach Club, now AP Adriana Beach Resort<\/strong><br \/>An investment in the Algarve Region with a resort, from which a complementary range is developed in the AP Hotels &amp; Resorts Group.[\/vc_column_text][vc_column_text el_class=&#8221;sticky-item&#8221;]<\/p>\n<h4>2007<\/h4>\n<p><strong>Founding of the production company SP Televis\u00e3o, with a remake of Vila Faia<\/strong><br \/>Geared towards the production of fiction (series and soap operas), the company establishes itself in both the national and international markets.[\/vc_column_text][vc_column_text el_class=&#8221;sticky-item&#8221;]<\/p>\n<h4>2006<\/h4>\n<p><strong>First harvest of the Quinta de S\u00e3o Sebasti\u00e3o label, in the Lisbon Region<\/strong><br \/>Auspicious launch of the wine from this property, which would consolidate itself as a leading producer in Arruda dos Vinhos.[\/vc_column_text][vc_column_text el_class=&#8221;sticky-item&#8221;]<\/p>\n<h4>2000<\/h4>\n<p><strong>Sale of Metalruda to the Martifer Group<\/strong><br \/>With little prospect of growth and consolidation in the area of metal manufacturing, the opportunity was taken to divest this business line.[\/vc_column_text][vc_column_text el_class=&#8221;sticky-item&#8221;]<\/p>\n<h4>1991<\/h4>\n<p><strong>Entry into the audiovisual market, via NBP<\/strong><br \/>Foundation of the industry of the sector. The 60% interest in the company was sold in 2001, and the remaining 40% in 2007, to the Media Capital Group.[\/vc_column_text][vc_column_text el_class=&#8221;sticky-item&#8221;]<\/p>\n<h4>1983<\/h4>\n<p><strong>Founding of the Madre Grupo<\/strong><br \/>At the time formed by the companies Metalruda and Vendap, and SIMI from 1989, the Group is notable for its operations in different sectors.[\/vc_column_text][\/vc_column][\/vc_row][vc_row content_placement=&#8221;middle&#8221; el_class=&#8221;seccao-com-skew&#8221; css=&#8221;.vc_custom_1611165348522{background-image: url(https:\/\/madre.com.pt\/wp-content\/uploads\/2021\/01\/newsletter-background-1.jpg?id=1295) !important;background-position: center !important;background-repeat: no-repeat !important;background-size: cover !important;}&#8221; el_id=&#8221;skew-mobile&#8221;][vc_column width=&#8221;1\/2&#8243;][\/vc_column][vc_column width=&#8221;1\/2&#8243; el_class=&#8221;skew&#8221;][vc_row_inner][vc_column_inner el_class=&#8221;skew-invert&#8221;][vc_column_text]<\/p>\n<h2>WHEN SUCCESS<br \/>\nRESONATES<br \/>\nIN THE AIR<\/h2>\n<p>[\/vc_column_text][\/vc_column_inner][\/vc_row_inner][vc_raw_html]PGRpdiBjbGFzcz0ic2tldy1icm93biI+PC9kaXY+[\/vc_raw_html][\/vc_column][\/vc_row][vc_row el_id=&#8221;premios&#8221;][vc_column width=&#8221;1\/4&#8243; el_class=&#8221;sticky&#8221;][vc_column_text el_class=&#8221;separador&#8221;]<\/p>\n<h2>Prizes<\/h2>\n<p>[\/vc_column_text][\/vc_column][vc_column width=&#8221;3\/4&#8243; el_class=&#8221;sticky-content&#8221;][vc_column_text el_class=&#8221;sticky-item white&#8221;]<\/p>\n<h3>The nature of the Grupo Madre\u2019s activities leaves some member companies of the Group subject to public scrutiny, examples being the hotel, audiovisual and wine industries. To date, SP Televis\u00e3o alone has accumulated around three dozen prizes, and 108 nominations, in various categories at both national and international level.<\/h3>\n<p><\/p>\n<h3>Vitality, dynamism and customer orientation have led to the AP Hotels &amp; Resorts Group receiving a notable series of prizes, awarded by bodies of great credibility, at home and abroad, in particular for its actions in conserving the environment and natural resources.<\/h3>\n<p><\/p>\n<h3>In turn, this year, Quinta de S\u00e3o Sebasti\u00e3o won one of the world\u2019s most prestigious prizes at the Vinalies contest, in France.<\/h3>\n<p>[\/vc_column_text][vc_column_text el_class=&#8221;sticky-item white&#8221;]<\/p>\n<h4>2020<\/h4>\n<p>Gold Medal, in the category Telenovela, for Terra Brava at the 21st WORLD MEDIA FESTIVAL and Silver Medal for Nazar\u00e9.[\/vc_column_text][vc_column_text el_class=&#8221;sticky-item white&#8221;]<\/p>\n<h4>2020<\/h4>\n<p>Gold Medal at the Berliner 2020 Contest for QSS Rare.[\/vc_column_text][vc_column_text el_class=&#8221;sticky-item white&#8221;]<\/p>\n<h4>2020<\/h4>\n<p>Vinalies Contest Prize (Paris) for Best Red Wine in the World for Quinta de S. Sebasti\u00e3o Reserva 2015.[\/vc_column_text][vc_column_text el_class=&#8221;sticky-item white&#8221;]<\/p>\n<h4>2019<\/h4>\n<p>The same Group received the Green Key Award, awarded by the European Blue Flag Association for best environmental practice.[\/vc_column_text][vc_column_text el_class=&#8221;sticky-item white&#8221;]<\/p>\n<h4>2019<\/h4>\n<p>Award for \u201cBest Hotel Chain\u201d at the IX Algarve Travel Awards by EC Travel for the AP Hotels &amp; Resorts Group.[\/vc_column_text][vc_column_text el_class=&#8221;sticky-item white&#8221;]<\/p>\n<h4>2019<\/h4>\n<p>Gold Medal, in the category Telenovela, for Alma e Cora\u00e7\u00e3o, at the 20th WORLD MEDIA FESTIVAL.[\/vc_column_text][vc_column_text el_class=&#8221;sticky-item white&#8221;]<\/p>\n<h4>2019<\/h4>\n<p>Bronze Medal, in the category Telenovela, for Vidas Opostas at the 8th New York Festivals International TV &amp; Film Awards and at the 40th BANFF WORLD MEDIA FESTIVAL \u2013 The Rockie Awards, in the category Serials, Soaps &amp; Telenovelas.[\/vc_column_text][vc_column_text el_class=&#8221;sticky-item white&#8221;]<\/p>\n<h4>2017<\/h4>\n<p>Bronze Medal, in the category Telenovela, for Amor Maior, from the New York Festivals International TV &amp; Film Awards.[\/vc_column_text][vc_column_text el_class=&#8221;sticky-item white&#8221;]<\/p>\n<h4>2016<\/h4>\n<p>Gold and Bronze Medals, in the category Telenovela, for Cora\u00e7\u00e3o d\u2019Ouro from the New York Festivals International TV &amp; Film Awards.[\/vc_column_text][vc_column_text el_class=&#8221;sticky-item white&#8221;]<\/p>\n<h4>2015<\/h4>\n<p>Gold Medal Challenge International du Vin France for Quinta de S. Sebasti\u00e3o Grande Escolha Touriga Nacional 2012.[\/vc_column_text][vc_column_text el_class=&#8221;sticky-item white&#8221;]<\/p>\n<h4>2013<\/h4>\n<p>Rating of 90 (on a scale of 1 to 100) by the critic Robert Parker (published on the website The Wine Advocates) for the wines Quinta de S. Sebasti\u00e3o Grande Escolha 2008 and Quinta de S. Sebasti\u00e3o Reserva 2009.[\/vc_column_text][vc_column_text el_class=&#8221;sticky-item white&#8221;]<\/p>\n<h4>2011<\/h4>\n<p>International Emmy for La\u00e7os de Sangue, in the category Telenovela, from the International Academy of Television Arts &amp; Sciences.[\/vc_column_text][\/vc_column][\/vc_row]<\/p>\n<\/div>","protected":false},"excerpt":{"rendered":"<p>[vc_row el_id=&#8221;quem-somos&#8221;][vc_column][vc_column_text el_class=&#8221;separador&#8221;] About us [\/vc_column_text][vc_row_inner el_class=&#8221;intro-quem-somos&#8221;][vc_column_inner width=&#8221;2\/12&#8243;][vc_single_image image=&#8221;1298&#8243; img_size=&#8221;full&#8221; el_class=&#8221;img-antonio-parente&#8221;][vc_column_text el_class=&#8221;legenda&#8221;] \/ Ant\u00f3nio Parente [\/vc_column_text][\/vc_column_inner][vc_column_inner width=&#8221;6\/12&#8243;][vc_column_text css=&#8221;&#8221; el_class=&#8221;quem-somos-overflow&#8221;]Grupo Madre is a business group with solely Portuguese capital and a history that spans over 40+ years known for its capacity for innovation and ability to stay on top of market trends in order to focus [&hellip;]<\/p>\n","protected":false},"author":3,"featured_media":0,"parent":0,"menu_order":0,"comment_status":"closed","ping_status":"closed","template":"","meta":{"inline_featured_image":false,"footnotes":""},"class_list":["post-1433","page","type-page","status-publish","hentry"],"yoast_head":"<!-- This site is optimized with the Yoast SEO plugin v27.3 - https:\/\/yoast.com\/product\/yoast-seo-wordpress\/ -->\n<title>About us - Grupo Madre<\/title>\n<meta name=\"robots\" content=\"index, follow, max-snippet:-1, max-image-preview:large, max-video-preview:-1\" \/>\n<link rel=\"canonical\" href=\"https:\/\/madre.com.pt\/en\/about-us\/\" \/>\n<meta property=\"og:locale\" content=\"en_US\" \/>\n<meta property=\"og:type\" content=\"article\" \/>\n<meta property=\"og:title\" content=\"About us - Grupo Madre\" \/>\n<meta property=\"og:description\" content=\"[vc_row el_id=&#8221;quem-somos&#8221;][vc_column][vc_column_text el_class=&#8221;separador&#8221;] About us [\/vc_column_text][vc_row_inner el_class=&#8221;intro-quem-somos&#8221;][vc_column_inner width=&#8221;2\/12&#8243;][vc_single_image image=&#8221;1298&#8243; img_size=&#8221;full&#8221; el_class=&#8221;img-antonio-parente&#8221;][vc_column_text el_class=&#8221;legenda&#8221;] \/ Ant\u00f3nio Parente [\/vc_column_text][\/vc_column_inner][vc_column_inner width=&#8221;6\/12&#8243;][vc_column_text css=&#8221;&#8221; el_class=&#8221;quem-somos-overflow&#8221;]Grupo Madre is a business group with solely Portuguese capital and a history that spans over 40+ years known for its capacity for innovation and ability to stay on top of market trends in order to focus [&hellip;]\" \/>\n<meta property=\"og:url\" content=\"https:\/\/madre.com.pt\/en\/about-us\/\" \/>\n<meta property=\"og:site_name\" content=\"Grupo Madre\" \/>\n<meta property=\"article:modified_time\" content=\"2025-12-03T12:13:13+00:00\" \/>\n<meta name=\"twitter:card\" content=\"summary_large_image\" \/>\n<meta name=\"twitter:label1\" content=\"Est. reading time\" \/>\n\t<meta name=\"twitter:data1\" content=\"12 minutes\" \/>\n<script type=\"application\/ld+json\" class=\"yoast-schema-graph\">{\"@context\":\"https:\\\/\\\/schema.org\",\"@graph\":[{\"@type\":\"WebPage\",\"@id\":\"https:\\\/\\\/madre.com.pt\\\/en\\\/about-us\\\/\",\"url\":\"https:\\\/\\\/madre.com.pt\\\/en\\\/about-us\\\/\",\"name\":\"About us - Grupo Madre\",\"isPartOf\":{\"@id\":\"\\\/#website\"},\"datePublished\":\"2021-01-20T20:42:55+00:00\",\"dateModified\":\"2025-12-03T12:13:13+00:00\",\"breadcrumb\":{\"@id\":\"https:\\\/\\\/madre.com.pt\\\/en\\\/about-us\\\/#breadcrumb\"},\"inLanguage\":\"en-US\",\"potentialAction\":[{\"@type\":\"ReadAction\",\"target\":[\"https:\\\/\\\/madre.com.pt\\\/en\\\/about-us\\\/\"]}]},{\"@type\":\"BreadcrumbList\",\"@id\":\"https:\\\/\\\/madre.com.pt\\\/en\\\/about-us\\\/#breadcrumb\",\"itemListElement\":[{\"@type\":\"ListItem\",\"position\":1,\"name\":\"In\u00edcio\",\"item\":\"https:\\\/\\\/madre.com.pt\\\/en\\\/\"},{\"@type\":\"ListItem\",\"position\":2,\"name\":\"About us\"}]},{\"@type\":\"WebSite\",\"@id\":\"\\\/#website\",\"url\":\"\\\/\",\"name\":\"Grupo Madre\",\"description\":\"Uma Vis&atilde;o Concertada do Futuro\",\"publisher\":{\"@id\":\"\\\/#organization\"},\"potentialAction\":[{\"@type\":\"SearchAction\",\"target\":{\"@type\":\"EntryPoint\",\"urlTemplate\":\"\\\/?s={search_term_string}\"},\"query-input\":{\"@type\":\"PropertyValueSpecification\",\"valueRequired\":true,\"valueName\":\"search_term_string\"}}],\"inLanguage\":\"en-US\"},{\"@type\":\"Organization\",\"@id\":\"\\\/#organization\",\"name\":\"Grupo Madre\",\"url\":\"\\\/\",\"logo\":{\"@type\":\"ImageObject\",\"inLanguage\":\"en-US\",\"@id\":\"\\\/#\\\/schema\\\/logo\\\/image\\\/\",\"url\":\"https:\\\/\\\/madre.com.pt\\\/wp-content\\\/uploads\\\/2020\\\/12\\\/cropped-Grupo_Madre_RGB-1.png\",\"contentUrl\":\"https:\\\/\\\/madre.com.pt\\\/wp-content\\\/uploads\\\/2020\\\/12\\\/cropped-Grupo_Madre_RGB-1.png\",\"width\":512,\"height\":512,\"caption\":\"Grupo Madre\"},\"image\":{\"@id\":\"\\\/#\\\/schema\\\/logo\\\/image\\\/\"}}]}<\/script>\n<!-- \/ Yoast SEO plugin. -->","yoast_head_json":{"title":"About us - Grupo Madre","robots":{"index":"index","follow":"follow","max-snippet":"max-snippet:-1","max-image-preview":"max-image-preview:large","max-video-preview":"max-video-preview:-1"},"canonical":"https:\/\/madre.com.pt\/en\/about-us\/","og_locale":"en_US","og_type":"article","og_title":"About us - Grupo Madre","og_description":"[vc_row el_id=&#8221;quem-somos&#8221;][vc_column][vc_column_text el_class=&#8221;separador&#8221;] About us [\/vc_column_text][vc_row_inner el_class=&#8221;intro-quem-somos&#8221;][vc_column_inner width=&#8221;2\/12&#8243;][vc_single_image image=&#8221;1298&#8243; img_size=&#8221;full&#8221; el_class=&#8221;img-antonio-parente&#8221;][vc_column_text el_class=&#8221;legenda&#8221;] \/ Ant\u00f3nio Parente [\/vc_column_text][\/vc_column_inner][vc_column_inner width=&#8221;6\/12&#8243;][vc_column_text css=&#8221;&#8221; el_class=&#8221;quem-somos-overflow&#8221;]Grupo Madre is a business group with solely Portuguese capital and a history that spans over 40+ years known for its capacity for innovation and ability to stay on top of market trends in order to focus [&hellip;]","og_url":"https:\/\/madre.com.pt\/en\/about-us\/","og_site_name":"Grupo Madre","article_modified_time":"2025-12-03T12:13:13+00:00","twitter_card":"summary_large_image","twitter_misc":{"Est. reading time":"12 minutes"},"schema":{"@context":"https:\/\/schema.org","@graph":[{"@type":"WebPage","@id":"https:\/\/madre.com.pt\/en\/about-us\/","url":"https:\/\/madre.com.pt\/en\/about-us\/","name":"About us - Grupo Madre","isPartOf":{"@id":"\/#website"},"datePublished":"2021-01-20T20:42:55+00:00","dateModified":"2025-12-03T12:13:13+00:00","breadcrumb":{"@id":"https:\/\/madre.com.pt\/en\/about-us\/#breadcrumb"},"inLanguage":"en-US","potentialAction":[{"@type":"ReadAction","target":["https:\/\/madre.com.pt\/en\/about-us\/"]}]},{"@type":"BreadcrumbList","@id":"https:\/\/madre.com.pt\/en\/about-us\/#breadcrumb","itemListElement":[{"@type":"ListItem","position":1,"name":"In\u00edcio","item":"https:\/\/madre.com.pt\/en\/"},{"@type":"ListItem","position":2,"name":"About us"}]},{"@type":"WebSite","@id":"\/#website","url":"\/","name":"Grupo Madre","description":"Uma Vis&atilde;o Concertada do Futuro","publisher":{"@id":"\/#organization"},"potentialAction":[{"@type":"SearchAction","target":{"@type":"EntryPoint","urlTemplate":"\/?s={search_term_string}"},"query-input":{"@type":"PropertyValueSpecification","valueRequired":true,"valueName":"search_term_string"}}],"inLanguage":"en-US"},{"@type":"Organization","@id":"\/#organization","name":"Grupo Madre","url":"\/","logo":{"@type":"ImageObject","inLanguage":"en-US","@id":"\/#\/schema\/logo\/image\/","url":"https:\/\/madre.com.pt\/wp-content\/uploads\/2020\/12\/cropped-Grupo_Madre_RGB-1.png","contentUrl":"https:\/\/madre.com.pt\/wp-content\/uploads\/2020\/12\/cropped-Grupo_Madre_RGB-1.png","width":512,"height":512,"caption":"Grupo Madre"},"image":{"@id":"\/#\/schema\/logo\/image\/"}}]}},"_links":{"self":[{"href":"https:\/\/madre.com.pt\/en\/wp-json\/wp\/v2\/pages\/1433","targetHints":{"allow":["GET"]}}],"collection":[{"href":"https:\/\/madre.com.pt\/en\/wp-json\/wp\/v2\/pages"}],"about":[{"href":"https:\/\/madre.com.pt\/en\/wp-json\/wp\/v2\/types\/page"}],"author":[{"embeddable":true,"href":"https:\/\/madre.com.pt\/en\/wp-json\/wp\/v2\/users\/3"}],"replies":[{"embeddable":true,"href":"https:\/\/madre.com.pt\/en\/wp-json\/wp\/v2\/comments?post=1433"}],"version-history":[{"count":14,"href":"https:\/\/madre.com.pt\/en\/wp-json\/wp\/v2\/pages\/1433\/revisions"}],"predecessor-version":[{"id":4554,"href":"https:\/\/madre.com.pt\/en\/wp-json\/wp\/v2\/pages\/1433\/revisions\/4554"}],"wp:attachment":[{"href":"https:\/\/madre.com.pt\/en\/wp-json\/wp\/v2\/media?parent=1433"}],"curies":[{"name":"wp","href":"https:\/\/api.w.org\/{rel}","templated":true}]}}