{"id":1143,"date":"2021-01-20T17:03:10","date_gmt":"2021-01-20T17:03:10","guid":{"rendered":"https:\/\/madre.com.pt\/entretenimiento\/"},"modified":"2024-06-24T12:08:38","modified_gmt":"2024-06-24T12:08:38","slug":"entretenimiento","status":"publish","type":"page","link":"https:\/\/madre.com.pt\/es\/home\/entretenimiento\/","title":{"rendered":"Entretenimiento"},"content":{"rendered":"<div class=\"wpb-content-wrapper\"><p>[vc_row content_placement=\u00bbmiddle\u00bb css_animation=\u00bbfadeIn\u00bb el_class=\u00bbseccao-com-skew\u00bb css=\u00bb.vc_custom_1611162471158{background-image: url(https:\/\/madre.com.pt\/wp-content\/uploads\/2021\/01\/madre-entretenimento-scaled.jpg?id=1165) !important;background-position: center !important;background-repeat: no-repeat !important;background-size: cover !important;}\u00bb el_id=\u00bbsetor-intro\u00bb][vc_column width=\u00bb1\/2&#8243;][\/vc_column][vc_column width=\u00bb1\/2&#8243; el_class=\u00bbskew\u00bb css=\u00bb.vc_custom_1609788609825{background-color: #ffffff !important;}\u00bb][vc_row_inner][vc_column_inner el_class=\u00bbskew-invert\u00bb][vc_column_text css_animation=\u00bbslideInRight\u00bb css=\u00bb\u00bb el_class=\u00bbtext red\u00bb]<\/p>\n<h5>ENTRETENIMENTO<\/h5>\n<h2>EN LA PRODUCCI\u00d3N AUDIOVISUAL Y LA EDICI\u00d3N DE LIBROS, EL GRUPO ES UNA REFERENCIA EN ESTOS SECTORES<\/h2>\n<p>[\/vc_column_text][\/vc_column_inner][\/vc_row_inner][vc_raw_html]PGRpdiBjbGFzcz0ic2tldy1lbnRyZXRlbmltZW50byI+PC9kaXY+[\/vc_raw_html][\/vc_column][\/vc_row][vc_row el_id=\u00bbsetor-destaque\u00bb][vc_column width=\u00bb1\/2&#8243;][vc_column_text css=\u00bb\u00bb el_class=\u00bbseparador\u00bb]<\/p>\n<h3>LAS CONDICIONES DE PRODUCCI\u00d3N, LA INNOVACI\u00d3N Y LA ORIGINALIDAD SON LA BASE DEL RECONOCIMIENTO NACIONAL E INTERNACIONAL<\/h3>\n<p>[\/vc_column_text][\/vc_column][vc_column width=\u00bb1\/2&#8243;][\/vc_column][\/vc_row][vc_row el_id=\u00bbsetor-texto\u00bb][vc_column width=\u00bb1\/2&#8243;][vc_single_image image=\u00bb3633&#8243; img_size=\u00bbfull\u00bb css=\u00bb\u00bb][\/vc_column][vc_column width=\u00bb1\/2&#8243;][vc_single_image image=\u00bb737&#8243; img_size=\u00bb200&#215;100&#8243; el_class=\u00bbsetor-logo-img\u00bb][vc_column_text css=\u00bb\u00bb el_class=\u00bbred\u00bb]<br \/>\n<strong>Cuentacuentos<\/strong><\/p>\n<p>Fundada en 2007 por un equipo y un accionariado con m\u00e1s de 15 a\u00f1os de experiencia en la industria audiovisual portuguesa, SP Televis\u00e3o se ha convertido en una referencia entre sus hom\u00f3logas independientes en Portugal y es la productora independiente de Europa que m\u00e1s horas produce. Forma parte del Grupo SP, con SPi y SP Entertainment, que se define como un cuentacuentos. A ello han contribuido los valores que la sustentan: talento, profesionalidad, transparencia e integridad; y el trabajo realizado, 17 series, entre ellas <em>Conta-me Como Foi<\/em>, y 31 telenovelas, como <em>La\u00e7os de Sangue<\/em>, que gan\u00f3 un Emmy Internacional en 2011.<\/p>\n<p>Cuenta con modernas infraestructuras y condiciones de producci\u00f3n, desde estudios que suman 5.100 m<sup>2<\/sup> hasta salas de edici\u00f3n (postproducci\u00f3n de v\u00eddeo, audio y color). Con m\u00e1s de un centenar de premios y nominaciones en festivales nacionales e internacionales, su inversi\u00f3n en internacionalizaci\u00f3n le ha valido el inter\u00e9s de otros mercados, con contenidos vendidos a m\u00e1s de 32 pa\u00edses.[\/vc_column_text][\/vc_column][\/vc_row][vc_row el_class=\u00bbbarra-divisoria\u00bb][vc_column][vc_separator color=\u00bbcustom\u00bb accent_color=\u00bb#707070&#8243;][\/vc_column][\/vc_row][vc_row el_id=\u00bbsetor-destaque\u00bb][vc_column width=\u00bb1\/2&#8243;][vc_column_text css=\u00bb\u00bb el_class=\u00bbseparador\u00bb]<\/p>\n<h3>EN PLENA GLOBALIZACI\u00d3N, LA PRODUCCI\u00d3N DE CONTENIDOS TELEVISIVOS NO TIENE FRONTERAS<\/h3>\n<p>[\/vc_column_text][\/vc_column][vc_column width=\u00bb1\/2&#8243;][\/vc_column][\/vc_row][vc_row el_id=\u00bbsetor-texto\u00bb][vc_column width=\u00bb1\/2&#8243;][vc_single_image image=\u00bb3630&#8243; img_size=\u00bbfull\u00bb css=\u00bb\u00bb][\/vc_column][vc_column width=\u00bb1\/2&#8243;][vc_single_image image=\u00bb3627&#8243; img_size=\u00bb360&#215;59&#8243; css=\u00bb\u00bb el_class=\u00bbsetor-logo-img\u00bb][vc_column_text css=\u00bb\u00bb el_class=\u00bbred\u00bb]<strong>Proyectado hacia una audiencia internacional<\/strong><\/p>\n<p>SPi, fundada en 2007, se dedica a desarrollar proyectos internacionales como series de ficci\u00f3n, documentales y contenidos de estilo de vida. Se ha convertido en pionera en Portugal con producciones para plataformas de <em>streaming<\/em> como Netflix, HBO MAX y Prime Video. Su cartera incluye <em>Gl\u00f3ria<\/em> (2021), la primera serie original portuguesa emitida en Netflix, as\u00ed como <em>Auga Seca<\/em>, <em>Motel Valqu\u00edrias<\/em> y <em>Codex 632<\/em>, entre otros t\u00edtulos.<\/p>\n<p>SP Entertainment se dedica a contenidos originales de entretenimiento de diferentes g\u00e9neros, como <em>A Ilha do Panda<\/em>, as\u00ed como a grandes espect\u00e1culos en directo, como el Festival de Eurovisi\u00f3n. Ha desarrollado formatos originales para emisoras generalistas y canales de televisi\u00f3n por cable, ha creado aplicaciones digitales para sus formatos y produce programas basados en formatos internacionales. Con la exposici\u00f3n <em>Ah, Am\u00e1lia &#8211; Living Experience<\/em>, un homenaje a la diva del fado, utiliza modernas tecnolog\u00edas de exposici\u00f3n y exhibici\u00f3n.<\/p>\n<p><a href=\"http:\/\/www.sp-i.pt\/pt\/\" target=\"_blank\" rel=\"noopener\">Ver sitio web<\/a>[\/vc_column_text][\/vc_column][\/vc_row][vc_row el_class=\u00bbbarra-divisoria\u00bb][vc_column][vc_separator color=\u00bbcustom\u00bb accent_color=\u00bb#707070&#8243;][\/vc_column][\/vc_row][vc_row el_id=\u00bbsetor-destaque\u00bb][vc_column width=\u00bb1\/2&#8243;][vc_column_text css=\u00bb\u00bb el_class=\u00bbseparador\u00bb]<\/p>\n<h3>GUERRA &amp; PAZ EDITORES PRETENDE ACERCAR LOS LIBROS AL P\u00daBLICO INVIRTIENDO EN UNA DISTRIBUCI\u00d3N DE GRAN VISIBILIDAD.<\/h3>\n<p>[\/vc_column_text][\/vc_column][vc_column width=\u00bb1\/2&#8243;][\/vc_column][\/vc_row][vc_row el_id=\u00bbsetor-texto\u00bb][vc_column width=\u00bb1\/2&#8243;][vc_single_image image=\u00bb3637&#8243; img_size=\u00bbfull\u00bb css=\u00bb\u00bb][\/vc_column][vc_column width=\u00bb1\/2&#8243;][vc_single_image image=\u00bb3645&#8243; img_size=\u00bb293&#215;100&#8243; css=\u00bb\u00bb el_class=\u00bbsetor-logo-img\u00bb][vc_column_text css=\u00bb\u00bb el_class=\u00bbred\u00bb]<\/p>\n<h4>Desaf\u00edo a la lectura<\/h4>\n<p>Desde 2006, Guerra &amp; Paz, editorial generalista, se distingue por su enfoque universalista y tolerante. El cat\u00e1logo se centra en el patrimonio cultural universal y las tendencias contempor\u00e1neas, utilizando un lenguaje gr\u00e1fico innovador. Desaf\u00eda a un p\u00fablico amplio a leer o releer a los cl\u00e1sicos, de E\u00e7a a Machado de Assis, del Padre Ant\u00f3nio Vieira a Twain, de Wilde a Conrad, entre otros. Entre los autores portugueses figuran Sena, Sophia y Eug\u00e9nio de Andrade. La editorial tambi\u00e9n acoge obras de autores contempor\u00e1neos, de Jo\u00e3o C\u00e9u e Silva a Eug\u00e9nia de Vasconcellos, entre otros.<\/p>\n<p>Los lanzamientos se dividen en colecciones como <em>Los Libros no se Rinden<\/em>, <em>Tres Se\u00f1ales<\/em>, &#8230; <em>el hilo de la memoria<\/em>, entre otras, en colaboraci\u00f3n con diversas instituciones. Tambi\u00e9n incluye otras dos editoriales, Euforia y Cris\u00e2ntemo.<\/p>\n<p>Con un cat\u00e1logo de aproximadamente mil t\u00edtulos, tambi\u00e9n responde a las nuevas tendencias de lectura con una edici\u00f3n digital anual de 50 <em>e-books<\/em>.<\/p>\n<p><a href=\"https:\/\/www.guerraepaz.pt\/\" target=\"_blank\" rel=\"noopener\">Ver sitio web<\/a>[\/vc_column_text][\/vc_column][\/vc_row][vc_row css_animation=\u00bbfadeInRight\u00bb el_id=\u00bbsetor-grupo-madre\u00bb][vc_column][vc_column_text css=\u00bb.vc_custom_1609955507586{background-image: url(https:\/\/madre.com.pt\/wp-content\/uploads\/2021\/01\/the-new-york-public-library-yEauzeZU6xo-unsplash.jpg?id=167) !important;background-position: center !important;background-repeat: no-repeat !important;background-size: cover !important;}\u00bb el_class=\u00bblink-internacional\u00bb]<a href=\"https:\/\/madre.com.pt\/es\/home\/internacional\/\">Internacional<\/a>[\/vc_column_text][vc_column_text css=\u00bb.vc_custom_1609955540446{background-image: url(https:\/\/madre.com.pt\/wp-content\/uploads\/2021\/01\/blue-and-yellow-graph-on-stock-market-monitor-159888_2.jpg?id=164) !important;background-position: center !important;background-repeat: no-repeat !important;background-size: cover !important;}\u00bb el_class=\u00bblink-capital\u00bb]<a href=\"https:\/\/madre.com.pt\/es\/home\/capital\/\">Capital<\/a>[\/vc_column_text][vc_column_text css=\u00bb.vc_custom_1609955551094{background-image: url(https:\/\/madre.com.pt\/wp-content\/uploads\/2021\/01\/Adriana_Panoramic-View.jpg?id=163) !important;background-position: center !important;background-repeat: no-repeat !important;background-size: cover !important;}\u00bb el_class=\u00bblink-turismo\u00bb]<a href=\"https:\/\/madre.com.pt\/es\/home\/turismo\/\">Turismo<\/a>[\/vc_column_text][vc_column_text css=\u00bb.vc_custom_1609955574397{background-image: url(https:\/\/madre.com.pt\/wp-content\/uploads\/2021\/01\/hayden-scott-nvmC0hSW0cU-unsplash.jpg?id=165) !important;background-position: center !important;background-repeat: no-repeat !important;background-size: cover !important;}\u00bb el_class=\u00bblink-imobiliario\u00bb]<a href=\"https:\/\/madre.com.pt\/es\/home\/bienes-raices\/\">Bienes Ra\u00edces<\/a>[\/vc_column_text][\/vc_column][\/vc_row]<\/p>\n<\/div>","protected":false},"excerpt":{"rendered":"<p>[vc_row content_placement=\u00bbmiddle\u00bb css_animation=\u00bbfadeIn\u00bb el_class=\u00bbseccao-com-skew\u00bb css=\u00bb.vc_custom_1611162471158{background-image: url(https:\/\/madre.com.pt\/wp-content\/uploads\/2021\/01\/madre-entretenimento-scaled.jpg?id=1165) !important;background-position: center !important;background-repeat: no-repeat !important;background-size: cover !important;}\u00bb el_id=\u00bbsetor-intro\u00bb][vc_column width=\u00bb1\/2&#8243;][\/vc_column][vc_column width=\u00bb1\/2&#8243; el_class=\u00bbskew\u00bb css=\u00bb.vc_custom_1609788609825{background-color: #ffffff !important;}\u00bb][vc_row_inner][vc_column_inner el_class=\u00bbskew-invert\u00bb][vc_column_text css_animation=\u00bbslideInRight\u00bb css=\u00bb\u00bb el_class=\u00bbtext red\u00bb] ENTRETENIMENTO EN LA PRODUCCI\u00d3N AUDIOVISUAL Y LA EDICI\u00d3N DE LIBROS, EL GRUPO ES UNA REFERENCIA EN ESTOS SECTORES [\/vc_column_text][\/vc_column_inner][\/vc_row_inner][vc_raw_html]PGRpdiBjbGFzcz0ic2tldy1lbnRyZXRlbmltZW50byI+PC9kaXY+[\/vc_raw_html][\/vc_column][\/vc_row][vc_row el_id=\u00bbsetor-destaque\u00bb][vc_column width=\u00bb1\/2&#8243;][vc_column_text css=\u00bb\u00bb el_class=\u00bbseparador\u00bb] LAS CONDICIONES DE PRODUCCI\u00d3N, LA INNOVACI\u00d3N Y [&hellip;]<\/p>\n","protected":false},"author":3,"featured_media":0,"parent":1217,"menu_order":0,"comment_status":"closed","ping_status":"closed","template":"","meta":{"inline_featured_image":false,"footnotes":""},"class_list":["post-1143","page","type-page","status-publish","hentry"],"yoast_head":"<!-- This site is optimized with the Yoast SEO plugin v27.3 - https:\/\/yoast.com\/product\/yoast-seo-wordpress\/ -->\n<title>Entretenimiento - Grupo Madre<\/title>\n<meta name=\"robots\" content=\"index, follow, max-snippet:-1, max-image-preview:large, max-video-preview:-1\" \/>\n<link rel=\"canonical\" href=\"https:\/\/madre.com.pt\/es\/home\/entretenimiento\/\" \/>\n<meta property=\"og:locale\" content=\"es_ES\" \/>\n<meta property=\"og:type\" content=\"article\" \/>\n<meta property=\"og:title\" content=\"Entretenimiento - Grupo Madre\" \/>\n<meta property=\"og:description\" content=\"[vc_row content_placement=\u00bbmiddle\u00bb css_animation=\u00bbfadeIn\u00bb el_class=\u00bbseccao-com-skew\u00bb css=\u00bb.vc_custom_1611162471158{background-image: url(https:\/\/madre.com.pt\/wp-content\/uploads\/2021\/01\/madre-entretenimento-scaled.jpg?id=1165) !important;background-position: center !important;background-repeat: no-repeat !important;background-size: cover !important;}\u00bb el_id=\u00bbsetor-intro\u00bb][vc_column width=\u00bb1\/2&#8243;][\/vc_column][vc_column width=\u00bb1\/2&#8243; el_class=\u00bbskew\u00bb css=\u00bb.vc_custom_1609788609825{background-color: #ffffff !important;}\u00bb][vc_row_inner][vc_column_inner el_class=\u00bbskew-invert\u00bb][vc_column_text css_animation=\u00bbslideInRight\u00bb css=\u00bb\u00bb el_class=\u00bbtext red\u00bb] ENTRETENIMENTO EN LA PRODUCCI\u00d3N AUDIOVISUAL Y LA EDICI\u00d3N DE LIBROS, EL GRUPO ES UNA REFERENCIA EN ESTOS SECTORES [\/vc_column_text][\/vc_column_inner][\/vc_row_inner][vc_raw_html]PGRpdiBjbGFzcz0ic2tldy1lbnRyZXRlbmltZW50byI+PC9kaXY+[\/vc_raw_html][\/vc_column][\/vc_row][vc_row el_id=\u00bbsetor-destaque\u00bb][vc_column width=\u00bb1\/2&#8243;][vc_column_text css=\u00bb\u00bb el_class=\u00bbseparador\u00bb] LAS CONDICIONES DE PRODUCCI\u00d3N, LA INNOVACI\u00d3N Y [&hellip;]\" \/>\n<meta property=\"og:url\" content=\"https:\/\/madre.com.pt\/es\/home\/entretenimiento\/\" \/>\n<meta property=\"og:site_name\" content=\"Grupo Madre\" \/>\n<meta property=\"article:modified_time\" content=\"2024-06-24T12:08:38+00:00\" \/>\n<meta name=\"twitter:card\" content=\"summary_large_image\" \/>\n<meta name=\"twitter:label1\" content=\"Tiempo de lectura\" \/>\n\t<meta name=\"twitter:data1\" content=\"5 minutos\" \/>\n<script type=\"application\/ld+json\" class=\"yoast-schema-graph\">{\"@context\":\"https:\\\/\\\/schema.org\",\"@graph\":[{\"@type\":\"WebPage\",\"@id\":\"https:\\\/\\\/madre.com.pt\\\/es\\\/home\\\/entretenimiento\\\/\",\"url\":\"https:\\\/\\\/madre.com.pt\\\/es\\\/home\\\/entretenimiento\\\/\",\"name\":\"Entretenimiento - Grupo Madre\",\"isPartOf\":{\"@id\":\"\\\/#website\"},\"datePublished\":\"2021-01-20T17:03:10+00:00\",\"dateModified\":\"2024-06-24T12:08:38+00:00\",\"breadcrumb\":{\"@id\":\"https:\\\/\\\/madre.com.pt\\\/es\\\/home\\\/entretenimiento\\\/#breadcrumb\"},\"inLanguage\":\"es\",\"potentialAction\":[{\"@type\":\"ReadAction\",\"target\":[\"https:\\\/\\\/madre.com.pt\\\/es\\\/home\\\/entretenimiento\\\/\"]}]},{\"@type\":\"BreadcrumbList\",\"@id\":\"https:\\\/\\\/madre.com.pt\\\/es\\\/home\\\/entretenimiento\\\/#breadcrumb\",\"itemListElement\":[{\"@type\":\"ListItem\",\"position\":1,\"name\":\"In\u00edcio\",\"item\":\"https:\\\/\\\/madre.com.pt\\\/es\\\/\"},{\"@type\":\"ListItem\",\"position\":2,\"name\":\"Grupo Madre\",\"item\":\"https:\\\/\\\/madre.com.pt\\\/es\\\/\"},{\"@type\":\"ListItem\",\"position\":3,\"name\":\"Entretenimiento\"}]},{\"@type\":\"WebSite\",\"@id\":\"\\\/#website\",\"url\":\"\\\/\",\"name\":\"Grupo Madre\",\"description\":\"Uma Vis&atilde;o Concertada do Futuro\",\"publisher\":{\"@id\":\"\\\/#organization\"},\"potentialAction\":[{\"@type\":\"SearchAction\",\"target\":{\"@type\":\"EntryPoint\",\"urlTemplate\":\"\\\/?s={search_term_string}\"},\"query-input\":{\"@type\":\"PropertyValueSpecification\",\"valueRequired\":true,\"valueName\":\"search_term_string\"}}],\"inLanguage\":\"es\"},{\"@type\":\"Organization\",\"@id\":\"\\\/#organization\",\"name\":\"Grupo Madre\",\"url\":\"\\\/\",\"logo\":{\"@type\":\"ImageObject\",\"inLanguage\":\"es\",\"@id\":\"\\\/#\\\/schema\\\/logo\\\/image\\\/\",\"url\":\"https:\\\/\\\/madre.com.pt\\\/wp-content\\\/uploads\\\/2020\\\/12\\\/cropped-Grupo_Madre_RGB-1.png\",\"contentUrl\":\"https:\\\/\\\/madre.com.pt\\\/wp-content\\\/uploads\\\/2020\\\/12\\\/cropped-Grupo_Madre_RGB-1.png\",\"width\":512,\"height\":512,\"caption\":\"Grupo Madre\"},\"image\":{\"@id\":\"\\\/#\\\/schema\\\/logo\\\/image\\\/\"}}]}<\/script>\n<!-- \/ Yoast SEO plugin. -->","yoast_head_json":{"title":"Entretenimiento - Grupo Madre","robots":{"index":"index","follow":"follow","max-snippet":"max-snippet:-1","max-image-preview":"max-image-preview:large","max-video-preview":"max-video-preview:-1"},"canonical":"https:\/\/madre.com.pt\/es\/home\/entretenimiento\/","og_locale":"es_ES","og_type":"article","og_title":"Entretenimiento - Grupo Madre","og_description":"[vc_row content_placement=\u00bbmiddle\u00bb css_animation=\u00bbfadeIn\u00bb el_class=\u00bbseccao-com-skew\u00bb css=\u00bb.vc_custom_1611162471158{background-image: url(https:\/\/madre.com.pt\/wp-content\/uploads\/2021\/01\/madre-entretenimento-scaled.jpg?id=1165) !important;background-position: center !important;background-repeat: no-repeat !important;background-size: cover !important;}\u00bb el_id=\u00bbsetor-intro\u00bb][vc_column width=\u00bb1\/2&#8243;][\/vc_column][vc_column width=\u00bb1\/2&#8243; el_class=\u00bbskew\u00bb css=\u00bb.vc_custom_1609788609825{background-color: #ffffff !important;}\u00bb][vc_row_inner][vc_column_inner el_class=\u00bbskew-invert\u00bb][vc_column_text css_animation=\u00bbslideInRight\u00bb css=\u00bb\u00bb el_class=\u00bbtext red\u00bb] ENTRETENIMENTO EN LA PRODUCCI\u00d3N AUDIOVISUAL Y LA EDICI\u00d3N DE LIBROS, EL GRUPO ES UNA REFERENCIA EN ESTOS SECTORES [\/vc_column_text][\/vc_column_inner][\/vc_row_inner][vc_raw_html]PGRpdiBjbGFzcz0ic2tldy1lbnRyZXRlbmltZW50byI+PC9kaXY+[\/vc_raw_html][\/vc_column][\/vc_row][vc_row el_id=\u00bbsetor-destaque\u00bb][vc_column width=\u00bb1\/2&#8243;][vc_column_text css=\u00bb\u00bb el_class=\u00bbseparador\u00bb] LAS CONDICIONES DE PRODUCCI\u00d3N, LA INNOVACI\u00d3N Y [&hellip;]","og_url":"https:\/\/madre.com.pt\/es\/home\/entretenimiento\/","og_site_name":"Grupo Madre","article_modified_time":"2024-06-24T12:08:38+00:00","twitter_card":"summary_large_image","twitter_misc":{"Tiempo de lectura":"5 minutos"},"schema":{"@context":"https:\/\/schema.org","@graph":[{"@type":"WebPage","@id":"https:\/\/madre.com.pt\/es\/home\/entretenimiento\/","url":"https:\/\/madre.com.pt\/es\/home\/entretenimiento\/","name":"Entretenimiento - Grupo Madre","isPartOf":{"@id":"\/#website"},"datePublished":"2021-01-20T17:03:10+00:00","dateModified":"2024-06-24T12:08:38+00:00","breadcrumb":{"@id":"https:\/\/madre.com.pt\/es\/home\/entretenimiento\/#breadcrumb"},"inLanguage":"es","potentialAction":[{"@type":"ReadAction","target":["https:\/\/madre.com.pt\/es\/home\/entretenimiento\/"]}]},{"@type":"BreadcrumbList","@id":"https:\/\/madre.com.pt\/es\/home\/entretenimiento\/#breadcrumb","itemListElement":[{"@type":"ListItem","position":1,"name":"In\u00edcio","item":"https:\/\/madre.com.pt\/es\/"},{"@type":"ListItem","position":2,"name":"Grupo Madre","item":"https:\/\/madre.com.pt\/es\/"},{"@type":"ListItem","position":3,"name":"Entretenimiento"}]},{"@type":"WebSite","@id":"\/#website","url":"\/","name":"Grupo Madre","description":"Uma Vis&atilde;o Concertada do Futuro","publisher":{"@id":"\/#organization"},"potentialAction":[{"@type":"SearchAction","target":{"@type":"EntryPoint","urlTemplate":"\/?s={search_term_string}"},"query-input":{"@type":"PropertyValueSpecification","valueRequired":true,"valueName":"search_term_string"}}],"inLanguage":"es"},{"@type":"Organization","@id":"\/#organization","name":"Grupo Madre","url":"\/","logo":{"@type":"ImageObject","inLanguage":"es","@id":"\/#\/schema\/logo\/image\/","url":"https:\/\/madre.com.pt\/wp-content\/uploads\/2020\/12\/cropped-Grupo_Madre_RGB-1.png","contentUrl":"https:\/\/madre.com.pt\/wp-content\/uploads\/2020\/12\/cropped-Grupo_Madre_RGB-1.png","width":512,"height":512,"caption":"Grupo Madre"},"image":{"@id":"\/#\/schema\/logo\/image\/"}}]}},"_links":{"self":[{"href":"https:\/\/madre.com.pt\/es\/wp-json\/wp\/v2\/pages\/1143","targetHints":{"allow":["GET"]}}],"collection":[{"href":"https:\/\/madre.com.pt\/es\/wp-json\/wp\/v2\/pages"}],"about":[{"href":"https:\/\/madre.com.pt\/es\/wp-json\/wp\/v2\/types\/page"}],"author":[{"embeddable":true,"href":"https:\/\/madre.com.pt\/es\/wp-json\/wp\/v2\/users\/3"}],"replies":[{"embeddable":true,"href":"https:\/\/madre.com.pt\/es\/wp-json\/wp\/v2\/comments?post=1143"}],"version-history":[{"count":14,"href":"https:\/\/madre.com.pt\/es\/wp-json\/wp\/v2\/pages\/1143\/revisions"}],"predecessor-version":[{"id":3847,"href":"https:\/\/madre.com.pt\/es\/wp-json\/wp\/v2\/pages\/1143\/revisions\/3847"}],"up":[{"embeddable":true,"href":"https:\/\/madre.com.pt\/es\/wp-json\/wp\/v2\/pages\/1217"}],"wp:attachment":[{"href":"https:\/\/madre.com.pt\/es\/wp-json\/wp\/v2\/media?parent=1143"}],"curies":[{"name":"wp","href":"https:\/\/api.w.org\/{rel}","templated":true}]}}