{"id":1152,"date":"2021-01-20T17:05:41","date_gmt":"2021-01-20T17:05:41","guid":{"rendered":"https:\/\/madre.com.pt\/bienes-raices\/"},"modified":"2024-06-24T12:21:48","modified_gmt":"2024-06-24T12:21:48","slug":"bienes-raices","status":"publish","type":"page","link":"https:\/\/madre.com.pt\/es\/home\/bienes-raices\/","title":{"rendered":"Imobili\u00e1rio"},"content":{"rendered":"<div class=\"wpb-content-wrapper\"><p>[vc_row content_placement=\u00bbmiddle\u00bb css_animation=\u00bbfadeIn\u00bb el_class=\u00bbseccao-com-skew\u00bb css=\u00bb.vc_custom_1611163489164{background-image: url(https:\/\/madre.com.pt\/wp-content\/uploads\/2021\/01\/madre-imobilia\u0301rio-scaled.jpg?id=1202) !important;background-position: center !important;background-repeat: no-repeat !important;background-size: cover !important;}\u00bb el_id=\u00bbsetor-intro\u00bb][vc_column width=\u00bb1\/2&#8243;][\/vc_column][vc_column width=\u00bb1\/2&#8243; el_class=\u00bbskew\u00bb css=\u00bb.vc_custom_1609788609825{background-color: #ffffff !important;}\u00bb][vc_row_inner][vc_column_inner el_class=\u00bbskew-invert\u00bb][vc_column_text css_animation=\u00bbslideInRight\u00bb css=\u00bb\u00bb el_class=\u00bbtext orange\u00bb]<\/p>\n<h5>INMOBILIARIO<\/h5>\n<h2>LA ACTUACI\u00d3N INTEGRAL DEL GRUPO EN EL SECTOR INMOBILIARIO IDENTIFICA SU POSICIONAMIENTO, DESDE LA EJECUCI\u00d3N DE PROYECTOS HASTA SU GESTI\u00d3N<\/h2>\n<p><a href=\"https:\/\/www.madredevelopment.com\/pt-pt\/\" target=\"_blank\" rel=\"noopener\">Ver sitio web<\/a>[\/vc_column_text][\/vc_column_inner][\/vc_row_inner][vc_raw_html]PGRpdiBjbGFzcz0ic2tldy1pbW9iaWxpYXJpbyI+PC9kaXY+[\/vc_raw_html][\/vc_column][\/vc_row][vc_row el_id=\u00bbsetor-destaque\u00bb][vc_column width=\u00bb1\/2&#8243;][vc_column_text css=\u00bb\u00bb el_class=\u00bbseparador\u00bb]<\/p>\n<h3>EL GRUPO MADRE CONSOLIDA EN SU ESTRUCTURA FUERTES COMPETENCIAS EN LA EJECUCI\u00d3N DE PROYECTOS INMOBILIARIOS EN DIVERSOS SEGMENTOS<\/h3>\n<p>[\/vc_column_text][\/vc_column][vc_column width=\u00bb1\/2&#8243;][\/vc_column][\/vc_row][vc_row el_id=\u00bbsetor-texto\u00bb][vc_column width=\u00bb1\/2&#8243;][vc_gallery interval=\u00bb5&#8243; images=\u00bb3767,3770,3758,3761,3764&#8243; img_size=\u00bbfull\u00bb onclick=\u00bb\u00bb css=\u00bb\u00bb][\/vc_column][vc_column width=\u00bb1\/2&#8243;][vc_single_image image=\u00bb3781&#8243; img_size=\u00bbfull\u00bb css=\u00bb\u00bb el_class=\u00bbsetor-logo-img\u00bb][vc_column_text css=\u00bb\u00bb]<\/p>\n<h4><strong>Iniciativa y valor basados en la experiencia<\/strong><\/h4>\n<p>Avalado por 40 a\u00f1os de experiencia en la implantaci\u00f3n de negocios en los sectores de la construcci\u00f3n y promoci\u00f3n inmobiliaria en Portugal, Espa\u00f1a y Brasil, el Grupo Madre &#8211; Property Development &amp; Asset Management ha consolidado sus fuertes competencias en la implantaci\u00f3n de proyectos inmobiliarios en diversos segmentos. Esta capacidad se inicia con la identificaci\u00f3n, adquisici\u00f3n y montaje de operaciones, el desarrollo y licenciamiento de proyectos, la gesti\u00f3n de la construcci\u00f3n, la estrategia de ventas y el apoyo posventa, y cuenta hoy con una <em>reserva de suelo urbanizable<\/em> de m\u00e1s de 500.000 m2.<\/p>\n<p>Al mismo tiempo, act\u00faa en la gesti\u00f3n integrada de los activos inmobiliarios propiedad del Grupo, en segmentos como Hosteler\u00eda, Residencial, Servicios y Log\u00edstica, con una visi\u00f3n estrat\u00e9gica de creaci\u00f3n de valor, siempre centrada en los Planes de Ciclo de Vida de los inmuebles y en la satisfacci\u00f3n de todos aquellos que los utilizan a diario.<\/p>\n<p>Un equipo multidisciplinar con s\u00f3lidas competencias t\u00e9cnicas y experiencia diversa, inspirado en la visi\u00f3n que ha sido la base del Grupo Madre desde su fundaci\u00f3n, trabaja para desarrollar proyectos que den vida a las ciudades, innovando para hacer realidad los sue\u00f1os.[\/vc_column_text][\/vc_column][\/vc_row][vc_row css_animation=\u00bbfadeInRight\u00bb el_id=\u00bbsetor-grupo-madre\u00bb][vc_column][vc_column_text css=\u00bb.vc_custom_1609955507586{background-image: url(https:\/\/madre.com.pt\/wp-content\/uploads\/2021\/01\/the-new-york-public-library-yEauzeZU6xo-unsplash.jpg?id=167) !important;background-position: center !important;background-repeat: no-repeat !important;background-size: cover !important;}\u00bb el_class=\u00bblink-internacional\u00bb]<a href=\"https:\/\/madre.com.pt\/es\/home\/internacional\/\">Internacional<\/a>[\/vc_column_text][vc_column_text css=\u00bb.vc_custom_1609955540446{background-image: url(https:\/\/madre.com.pt\/wp-content\/uploads\/2021\/01\/blue-and-yellow-graph-on-stock-market-monitor-159888_2.jpg?id=164) !important;background-position: center !important;background-repeat: no-repeat !important;background-size: cover !important;}\u00bb el_class=\u00bblink-capital\u00bb]<a href=\"https:\/\/madre.com.pt\/es\/home\/capital\/\">Capital<\/a>[\/vc_column_text][vc_column_text css=\u00bb.vc_custom_1609955551094{background-image: url(https:\/\/madre.com.pt\/wp-content\/uploads\/2021\/01\/Adriana_Panoramic-View.jpg?id=163) !important;background-position: center !important;background-repeat: no-repeat !important;background-size: cover !important;}\u00bb el_class=\u00bblink-turismo\u00bb]<a href=\"https:\/\/madre.com.pt\/es\/home\/turismo\/\">Turismo<\/a>[\/vc_column_text][vc_column_text css=\u00bb.vc_custom_1610022793481{background-image: url(https:\/\/madre.com.pt\/wp-content\/uploads\/2021\/01\/kilyan-sockalingum-nW1n9eNHOsc-unsplash.jpg?id=166) !important;background-position: center !important;background-repeat: no-repeat !important;background-size: cover !important;}\u00bb el_class=\u00bblink-entretenimento\u00bb]<a href=\"https:\/\/madre.com.pt\/es\/home\/entretenimiento\/\">Entreteniemento<\/a>[\/vc_column_text][\/vc_column][\/vc_row]<\/p>\n<\/div>","protected":false},"excerpt":{"rendered":"<p>[vc_row content_placement=\u00bbmiddle\u00bb css_animation=\u00bbfadeIn\u00bb el_class=\u00bbseccao-com-skew\u00bb css=\u00bb.vc_custom_1611163489164{background-image: url(https:\/\/madre.com.pt\/wp-content\/uploads\/2021\/01\/madre-imobilia\u0301rio-scaled.jpg?id=1202) !important;background-position: center !important;background-repeat: no-repeat !important;background-size: cover !important;}\u00bb el_id=\u00bbsetor-intro\u00bb][vc_column width=\u00bb1\/2&#8243;][\/vc_column][vc_column width=\u00bb1\/2&#8243; el_class=\u00bbskew\u00bb css=\u00bb.vc_custom_1609788609825{background-color: #ffffff !important;}\u00bb][vc_row_inner][vc_column_inner el_class=\u00bbskew-invert\u00bb][vc_column_text css_animation=\u00bbslideInRight\u00bb css=\u00bb\u00bb el_class=\u00bbtext orange\u00bb] INMOBILIARIO LA ACTUACI\u00d3N INTEGRAL DEL GRUPO EN EL SECTOR INMOBILIARIO IDENTIFICA SU POSICIONAMIENTO, DESDE LA EJECUCI\u00d3N DE PROYECTOS HASTA SU GESTI\u00d3N Ver sitio web[\/vc_column_text][\/vc_column_inner][\/vc_row_inner][vc_raw_html]PGRpdiBjbGFzcz0ic2tldy1pbW9iaWxpYXJpbyI+PC9kaXY+[\/vc_raw_html][\/vc_column][\/vc_row][vc_row el_id=\u00bbsetor-destaque\u00bb][vc_column width=\u00bb1\/2&#8243;][vc_column_text css=\u00bb\u00bb el_class=\u00bbseparador\u00bb] EL GRUPO [&hellip;]<\/p>\n","protected":false},"author":3,"featured_media":0,"parent":1217,"menu_order":0,"comment_status":"closed","ping_status":"closed","template":"","meta":{"inline_featured_image":false,"footnotes":""},"class_list":["post-1152","page","type-page","status-publish","hentry"],"yoast_head":"<!-- This site is optimized with the Yoast SEO plugin v27.3 - https:\/\/yoast.com\/product\/yoast-seo-wordpress\/ -->\n<title>Imobili\u00e1rio - Grupo Madre<\/title>\n<meta name=\"robots\" content=\"index, follow, max-snippet:-1, max-image-preview:large, max-video-preview:-1\" \/>\n<link rel=\"canonical\" href=\"https:\/\/madre.com.pt\/es\/home\/bienes-raices\/\" \/>\n<meta property=\"og:locale\" content=\"es_ES\" \/>\n<meta property=\"og:type\" content=\"article\" \/>\n<meta property=\"og:title\" content=\"Imobili\u00e1rio - Grupo Madre\" \/>\n<meta property=\"og:description\" content=\"[vc_row content_placement=\u00bbmiddle\u00bb css_animation=\u00bbfadeIn\u00bb el_class=\u00bbseccao-com-skew\u00bb css=\u00bb.vc_custom_1611163489164{background-image: url(https:\/\/madre.com.pt\/wp-content\/uploads\/2021\/01\/madre-imobilia\u0301rio-scaled.jpg?id=1202) !important;background-position: center !important;background-repeat: no-repeat !important;background-size: cover !important;}\u00bb el_id=\u00bbsetor-intro\u00bb][vc_column width=\u00bb1\/2&#8243;][\/vc_column][vc_column width=\u00bb1\/2&#8243; el_class=\u00bbskew\u00bb css=\u00bb.vc_custom_1609788609825{background-color: #ffffff !important;}\u00bb][vc_row_inner][vc_column_inner el_class=\u00bbskew-invert\u00bb][vc_column_text css_animation=\u00bbslideInRight\u00bb css=\u00bb\u00bb el_class=\u00bbtext orange\u00bb] INMOBILIARIO LA ACTUACI\u00d3N INTEGRAL DEL GRUPO EN EL SECTOR INMOBILIARIO IDENTIFICA SU POSICIONAMIENTO, DESDE LA EJECUCI\u00d3N DE PROYECTOS HASTA SU GESTI\u00d3N Ver sitio web[\/vc_column_text][\/vc_column_inner][\/vc_row_inner][vc_raw_html]PGRpdiBjbGFzcz0ic2tldy1pbW9iaWxpYXJpbyI+PC9kaXY+[\/vc_raw_html][\/vc_column][\/vc_row][vc_row el_id=\u00bbsetor-destaque\u00bb][vc_column width=\u00bb1\/2&#8243;][vc_column_text css=\u00bb\u00bb el_class=\u00bbseparador\u00bb] EL GRUPO [&hellip;]\" \/>\n<meta property=\"og:url\" content=\"https:\/\/madre.com.pt\/es\/home\/bienes-raices\/\" \/>\n<meta property=\"og:site_name\" content=\"Grupo Madre\" \/>\n<meta property=\"article:modified_time\" content=\"2024-06-24T12:21:48+00:00\" \/>\n<meta name=\"twitter:card\" content=\"summary_large_image\" \/>\n<meta name=\"twitter:label1\" content=\"Tiempo de lectura\" \/>\n\t<meta name=\"twitter:data1\" content=\"2 minutos\" \/>\n<script type=\"application\/ld+json\" class=\"yoast-schema-graph\">{\"@context\":\"https:\\\/\\\/schema.org\",\"@graph\":[{\"@type\":\"WebPage\",\"@id\":\"https:\\\/\\\/madre.com.pt\\\/es\\\/home\\\/bienes-raices\\\/\",\"url\":\"https:\\\/\\\/madre.com.pt\\\/es\\\/home\\\/bienes-raices\\\/\",\"name\":\"Imobili\u00e1rio - Grupo Madre\",\"isPartOf\":{\"@id\":\"\\\/#website\"},\"datePublished\":\"2021-01-20T17:05:41+00:00\",\"dateModified\":\"2024-06-24T12:21:48+00:00\",\"breadcrumb\":{\"@id\":\"https:\\\/\\\/madre.com.pt\\\/es\\\/home\\\/bienes-raices\\\/#breadcrumb\"},\"inLanguage\":\"es\",\"potentialAction\":[{\"@type\":\"ReadAction\",\"target\":[\"https:\\\/\\\/madre.com.pt\\\/es\\\/home\\\/bienes-raices\\\/\"]}]},{\"@type\":\"BreadcrumbList\",\"@id\":\"https:\\\/\\\/madre.com.pt\\\/es\\\/home\\\/bienes-raices\\\/#breadcrumb\",\"itemListElement\":[{\"@type\":\"ListItem\",\"position\":1,\"name\":\"In\u00edcio\",\"item\":\"https:\\\/\\\/madre.com.pt\\\/es\\\/\"},{\"@type\":\"ListItem\",\"position\":2,\"name\":\"Grupo Madre\",\"item\":\"https:\\\/\\\/madre.com.pt\\\/es\\\/\"},{\"@type\":\"ListItem\",\"position\":3,\"name\":\"Imobili\u00e1rio\"}]},{\"@type\":\"WebSite\",\"@id\":\"\\\/#website\",\"url\":\"\\\/\",\"name\":\"Grupo Madre\",\"description\":\"Uma Vis&atilde;o Concertada do Futuro\",\"publisher\":{\"@id\":\"\\\/#organization\"},\"potentialAction\":[{\"@type\":\"SearchAction\",\"target\":{\"@type\":\"EntryPoint\",\"urlTemplate\":\"\\\/?s={search_term_string}\"},\"query-input\":{\"@type\":\"PropertyValueSpecification\",\"valueRequired\":true,\"valueName\":\"search_term_string\"}}],\"inLanguage\":\"es\"},{\"@type\":\"Organization\",\"@id\":\"\\\/#organization\",\"name\":\"Grupo Madre\",\"url\":\"\\\/\",\"logo\":{\"@type\":\"ImageObject\",\"inLanguage\":\"es\",\"@id\":\"\\\/#\\\/schema\\\/logo\\\/image\\\/\",\"url\":\"https:\\\/\\\/madre.com.pt\\\/wp-content\\\/uploads\\\/2020\\\/12\\\/cropped-Grupo_Madre_RGB-1.png\",\"contentUrl\":\"https:\\\/\\\/madre.com.pt\\\/wp-content\\\/uploads\\\/2020\\\/12\\\/cropped-Grupo_Madre_RGB-1.png\",\"width\":512,\"height\":512,\"caption\":\"Grupo Madre\"},\"image\":{\"@id\":\"\\\/#\\\/schema\\\/logo\\\/image\\\/\"}}]}<\/script>\n<!-- \/ Yoast SEO plugin. -->","yoast_head_json":{"title":"Imobili\u00e1rio - Grupo Madre","robots":{"index":"index","follow":"follow","max-snippet":"max-snippet:-1","max-image-preview":"max-image-preview:large","max-video-preview":"max-video-preview:-1"},"canonical":"https:\/\/madre.com.pt\/es\/home\/bienes-raices\/","og_locale":"es_ES","og_type":"article","og_title":"Imobili\u00e1rio - Grupo Madre","og_description":"[vc_row content_placement=\u00bbmiddle\u00bb css_animation=\u00bbfadeIn\u00bb el_class=\u00bbseccao-com-skew\u00bb css=\u00bb.vc_custom_1611163489164{background-image: url(https:\/\/madre.com.pt\/wp-content\/uploads\/2021\/01\/madre-imobilia\u0301rio-scaled.jpg?id=1202) !important;background-position: center !important;background-repeat: no-repeat !important;background-size: cover !important;}\u00bb el_id=\u00bbsetor-intro\u00bb][vc_column width=\u00bb1\/2&#8243;][\/vc_column][vc_column width=\u00bb1\/2&#8243; el_class=\u00bbskew\u00bb css=\u00bb.vc_custom_1609788609825{background-color: #ffffff !important;}\u00bb][vc_row_inner][vc_column_inner el_class=\u00bbskew-invert\u00bb][vc_column_text css_animation=\u00bbslideInRight\u00bb css=\u00bb\u00bb el_class=\u00bbtext orange\u00bb] INMOBILIARIO LA ACTUACI\u00d3N INTEGRAL DEL GRUPO EN EL SECTOR INMOBILIARIO IDENTIFICA SU POSICIONAMIENTO, DESDE LA EJECUCI\u00d3N DE PROYECTOS HASTA SU GESTI\u00d3N Ver sitio web[\/vc_column_text][\/vc_column_inner][\/vc_row_inner][vc_raw_html]PGRpdiBjbGFzcz0ic2tldy1pbW9iaWxpYXJpbyI+PC9kaXY+[\/vc_raw_html][\/vc_column][\/vc_row][vc_row el_id=\u00bbsetor-destaque\u00bb][vc_column width=\u00bb1\/2&#8243;][vc_column_text css=\u00bb\u00bb el_class=\u00bbseparador\u00bb] EL GRUPO [&hellip;]","og_url":"https:\/\/madre.com.pt\/es\/home\/bienes-raices\/","og_site_name":"Grupo Madre","article_modified_time":"2024-06-24T12:21:48+00:00","twitter_card":"summary_large_image","twitter_misc":{"Tiempo de lectura":"2 minutos"},"schema":{"@context":"https:\/\/schema.org","@graph":[{"@type":"WebPage","@id":"https:\/\/madre.com.pt\/es\/home\/bienes-raices\/","url":"https:\/\/madre.com.pt\/es\/home\/bienes-raices\/","name":"Imobili\u00e1rio - Grupo Madre","isPartOf":{"@id":"\/#website"},"datePublished":"2021-01-20T17:05:41+00:00","dateModified":"2024-06-24T12:21:48+00:00","breadcrumb":{"@id":"https:\/\/madre.com.pt\/es\/home\/bienes-raices\/#breadcrumb"},"inLanguage":"es","potentialAction":[{"@type":"ReadAction","target":["https:\/\/madre.com.pt\/es\/home\/bienes-raices\/"]}]},{"@type":"BreadcrumbList","@id":"https:\/\/madre.com.pt\/es\/home\/bienes-raices\/#breadcrumb","itemListElement":[{"@type":"ListItem","position":1,"name":"In\u00edcio","item":"https:\/\/madre.com.pt\/es\/"},{"@type":"ListItem","position":2,"name":"Grupo Madre","item":"https:\/\/madre.com.pt\/es\/"},{"@type":"ListItem","position":3,"name":"Imobili\u00e1rio"}]},{"@type":"WebSite","@id":"\/#website","url":"\/","name":"Grupo Madre","description":"Uma Vis&atilde;o Concertada do Futuro","publisher":{"@id":"\/#organization"},"potentialAction":[{"@type":"SearchAction","target":{"@type":"EntryPoint","urlTemplate":"\/?s={search_term_string}"},"query-input":{"@type":"PropertyValueSpecification","valueRequired":true,"valueName":"search_term_string"}}],"inLanguage":"es"},{"@type":"Organization","@id":"\/#organization","name":"Grupo Madre","url":"\/","logo":{"@type":"ImageObject","inLanguage":"es","@id":"\/#\/schema\/logo\/image\/","url":"https:\/\/madre.com.pt\/wp-content\/uploads\/2020\/12\/cropped-Grupo_Madre_RGB-1.png","contentUrl":"https:\/\/madre.com.pt\/wp-content\/uploads\/2020\/12\/cropped-Grupo_Madre_RGB-1.png","width":512,"height":512,"caption":"Grupo Madre"},"image":{"@id":"\/#\/schema\/logo\/image\/"}}]}},"_links":{"self":[{"href":"https:\/\/madre.com.pt\/es\/wp-json\/wp\/v2\/pages\/1152","targetHints":{"allow":["GET"]}}],"collection":[{"href":"https:\/\/madre.com.pt\/es\/wp-json\/wp\/v2\/pages"}],"about":[{"href":"https:\/\/madre.com.pt\/es\/wp-json\/wp\/v2\/types\/page"}],"author":[{"embeddable":true,"href":"https:\/\/madre.com.pt\/es\/wp-json\/wp\/v2\/users\/3"}],"replies":[{"embeddable":true,"href":"https:\/\/madre.com.pt\/es\/wp-json\/wp\/v2\/comments?post=1152"}],"version-history":[{"count":14,"href":"https:\/\/madre.com.pt\/es\/wp-json\/wp\/v2\/pages\/1152\/revisions"}],"predecessor-version":[{"id":3850,"href":"https:\/\/madre.com.pt\/es\/wp-json\/wp\/v2\/pages\/1152\/revisions\/3850"}],"up":[{"embeddable":true,"href":"https:\/\/madre.com.pt\/es\/wp-json\/wp\/v2\/pages\/1217"}],"wp:attachment":[{"href":"https:\/\/madre.com.pt\/es\/wp-json\/wp\/v2\/media?parent=1152"}],"curies":[{"name":"wp","href":"https:\/\/api.w.org\/{rel}","templated":true}]}}