{"id":1161,"date":"2021-01-20T17:06:47","date_gmt":"2021-01-20T17:06:47","guid":{"rendered":"https:\/\/madre.com.pt\/internacional\/"},"modified":"2024-06-27T08:27:44","modified_gmt":"2024-06-27T08:27:44","slug":"internacional","status":"publish","type":"page","link":"https:\/\/madre.com.pt\/es\/home\/internacional\/","title":{"rendered":"Internacional"},"content":{"rendered":"<div class=\"wpb-content-wrapper\"><p>[vc_row content_placement=\u00bbmiddle\u00bb css_animation=\u00bbfadeIn\u00bb el_class=\u00bbseccao-com-skew hero\u00bb css=\u00bb.vc_custom_1717754928828{background-image: url(https:\/\/madre.com.pt\/wp-content\/uploads\/2024\/06\/mundo.jpg?id=3730) !important;background-position: 0 0 !important;background-repeat: repeat !important;}\u00bb el_id=\u00bbsetor-intro\u00bb][vc_column width=\u00bb1\/2&#8243;][\/vc_column][vc_column width=\u00bb1\/2&#8243; el_class=\u00bbskew\u00bb css=\u00bb.vc_custom_1609788609825{background-color: #ffffff !important;}\u00bb][vc_row_inner][vc_column_inner el_class=\u00bbskew-invert\u00bb][vc_column_text css_animation=\u00bbslideInRight\u00bb css=\u00bb\u00bb el_class=\u00bbtext light-blue\u00bb]<\/p>\n<h5>INTERNACIONAL<\/h5>\n<h2>EL GRUPO OPERA EN ESPA\u00d1A, BRASIL Y COLOMBIA, EN SECTORES EN LOS QUE CUENTA CON UNA AMPLIA EXPERIENCIA<\/h2>\n<p>[\/vc_column_text][\/vc_column_inner][\/vc_row_inner][vc_raw_html]PGRpdiBjbGFzcz0ic2tldy1pbnRlcm5hY2lvbmFsIj48L2Rpdj4=[\/vc_raw_html][\/vc_column][\/vc_row][vc_row el_id=\u00bbsetor-destaque\u00bb][vc_column width=\u00bb1\/2&#8243;][vc_column_text css=\u00bb\u00bb el_class=\u00bbseparador\u00bb]<\/p>\n<h3>INMOBILIARIO, EXPORTACI\u00d3N DE VINO Y ALQUILER DE EQUIPOS, COBRAN PROTAGONISMO EN EL EXTRANJERO<\/h3>\n<p>[\/vc_column_text][\/vc_column][vc_column width=\u00bb1\/2&#8243;][\/vc_column][\/vc_row][vc_row el_id=\u00bbsetor-texto\u00bb][vc_column width=\u00bb1\/2&#8243;][vc_gallery interval=\u00bb5&#8243; images=\u00bb3705,3708,3702&#8243; img_size=\u00bbfull\u00bb onclick=\u00bb\u00bb css=\u00bb\u00bb][\/vc_column][vc_column width=\u00bb1\/2&#8243;][vc_single_image image=\u00bb3904&#8243; img_size=\u00bbfull\u00bb css=\u00bb\u00bb el_class=\u00bbsetor-logo-img\u00bb][vc_column_text css=\u00bb\u00bb]<br \/>\n<strong>Afirmando experiencia en el extranjero<\/strong><\/p>\n<p>&nbsp;<\/p>\n<p>El Grupo Madre est\u00e1 representado en Espa\u00f1a por Fintech, con la rehabilitaci\u00f3n de villas en Marbella para el segmento de lujo, con propiedades de refinamiento y buen gusto, viviendas \u00fanicas en las que la arquitectura y la decoraci\u00f3n se dise\u00f1an caso por caso. Con una quincena de viviendas terminadas, tiene siete proyectos en marcha y espera ampliar su cartera.<\/p>\n<p>&nbsp;<\/p>\n<p>En Brasil, se dedica a la promoci\u00f3n inmobiliaria desde hace m\u00e1s de 20 a\u00f1os, con proyectos en Natal y Pipa, en Rio Grande do Norte, y una amplia reserva de suelo para la promoci\u00f3n inmobiliaria.<\/p>\n<p>&nbsp;<\/p>\n<p>Madre Colombia representa al Grupo en ese pa\u00eds desde 2014, donde act\u00faa en consonancia con la din\u00e1mica local y en consecuencia de su experiencia. Con Macom Rentel, participa en el alquiler de equipos para la industria, mantenimiento y construcci\u00f3n y en la importaci\u00f3n y comercializaci\u00f3n de vinos con Vinal.<\/p>\n<p>Otro proyecto consiste en un edificio con instalaciones hoteleras, alquiler de oficinas, comercio minorista y restauraci\u00f3n en la Zona Franca de Bogot\u00e1.[\/vc_column_text][\/vc_column][\/vc_row][vc_row css_animation=\u00bbfadeInRight\u00bb el_id=\u00bbsetor-grupo-madre\u00bb][vc_column][vc_column_text css=\u00bb.vc_custom_1609955540446{background-image: url(https:\/\/madre.com.pt\/wp-content\/uploads\/2021\/01\/blue-and-yellow-graph-on-stock-market-monitor-159888_2.jpg?id=164) !important;background-position: center !important;background-repeat: no-repeat !important;background-size: cover !important;}\u00bb el_class=\u00bblink-capital\u00bb]<a href=\"https:\/\/madre.com.pt\/es\/home\/capital\/\">Capital<\/a>[\/vc_column_text][vc_column_text css=\u00bb.vc_custom_1609955551094{background-image: url(https:\/\/madre.com.pt\/wp-content\/uploads\/2021\/01\/Adriana_Panoramic-View.jpg?id=163) !important;background-position: center !important;background-repeat: no-repeat !important;background-size: cover !important;}\u00bb el_class=\u00bblink-turismo\u00bb]<a href=\"https:\/\/madre.com.pt\/es\/home\/turismo\/\">Turismo<\/a>[\/vc_column_text][vc_column_text css=\u00bb.vc_custom_1609955574397{background-image: url(https:\/\/madre.com.pt\/wp-content\/uploads\/2021\/01\/hayden-scott-nvmC0hSW0cU-unsplash.jpg?id=165) !important;background-position: center !important;background-repeat: no-repeat !important;background-size: cover !important;}\u00bb el_class=\u00bblink-imobiliario\u00bb]<a href=\"https:\/\/madre.com.pt\/es\/home\/bienes-raices\/\">Bienes Ra\u00edces<\/a>[\/vc_column_text][vc_column_text css=\u00bb.vc_custom_1610022793481{background-image: url(https:\/\/madre.com.pt\/wp-content\/uploads\/2021\/01\/kilyan-sockalingum-nW1n9eNHOsc-unsplash.jpg?id=166) !important;background-position: center !important;background-repeat: no-repeat !important;background-size: cover !important;}\u00bb el_class=\u00bblink-entretenimento\u00bb]<a href=\"https:\/\/madre.com.pt\/es\/home\/entretenimiento\/\">Entretenimiento<\/a>[\/vc_column_text][\/vc_column][\/vc_row]<\/p>\n<\/div>","protected":false},"excerpt":{"rendered":"<p>[vc_row content_placement=\u00bbmiddle\u00bb css_animation=\u00bbfadeIn\u00bb el_class=\u00bbseccao-com-skew hero\u00bb css=\u00bb.vc_custom_1717754928828{background-image: url(https:\/\/madre.com.pt\/wp-content\/uploads\/2024\/06\/mundo.jpg?id=3730) !important;background-position: 0 0 !important;background-repeat: repeat !important;}\u00bb el_id=\u00bbsetor-intro\u00bb][vc_column width=\u00bb1\/2&#8243;][\/vc_column][vc_column width=\u00bb1\/2&#8243; el_class=\u00bbskew\u00bb css=\u00bb.vc_custom_1609788609825{background-color: #ffffff !important;}\u00bb][vc_row_inner][vc_column_inner el_class=\u00bbskew-invert\u00bb][vc_column_text css_animation=\u00bbslideInRight\u00bb css=\u00bb\u00bb el_class=\u00bbtext light-blue\u00bb] INTERNACIONAL EL GRUPO OPERA EN ESPA\u00d1A, BRASIL Y COLOMBIA, EN SECTORES EN LOS QUE CUENTA CON UNA AMPLIA EXPERIENCIA [\/vc_column_text][\/vc_column_inner][\/vc_row_inner][vc_raw_html]PGRpdiBjbGFzcz0ic2tldy1pbnRlcm5hY2lvbmFsIj48L2Rpdj4=[\/vc_raw_html][\/vc_column][\/vc_row][vc_row el_id=\u00bbsetor-destaque\u00bb][vc_column width=\u00bb1\/2&#8243;][vc_column_text css=\u00bb\u00bb el_class=\u00bbseparador\u00bb] INMOBILIARIO, EXPORTACI\u00d3N DE VINO Y ALQUILER [&hellip;]<\/p>\n","protected":false},"author":3,"featured_media":0,"parent":1217,"menu_order":0,"comment_status":"closed","ping_status":"closed","template":"","meta":{"inline_featured_image":false,"footnotes":""},"class_list":["post-1161","page","type-page","status-publish","hentry"],"yoast_head":"<!-- This site is optimized with the Yoast SEO plugin v27.3 - https:\/\/yoast.com\/product\/yoast-seo-wordpress\/ -->\n<title>Internacional - Grupo Madre<\/title>\n<meta name=\"robots\" content=\"index, follow, max-snippet:-1, max-image-preview:large, max-video-preview:-1\" \/>\n<link rel=\"canonical\" href=\"https:\/\/madre.com.pt\/es\/home\/internacional\/\" \/>\n<meta property=\"og:locale\" content=\"es_ES\" \/>\n<meta property=\"og:type\" content=\"article\" \/>\n<meta property=\"og:title\" content=\"Internacional - Grupo Madre\" \/>\n<meta property=\"og:description\" content=\"[vc_row content_placement=\u00bbmiddle\u00bb css_animation=\u00bbfadeIn\u00bb el_class=\u00bbseccao-com-skew hero\u00bb css=\u00bb.vc_custom_1717754928828{background-image: url(https:\/\/madre.com.pt\/wp-content\/uploads\/2024\/06\/mundo.jpg?id=3730) !important;background-position: 0 0 !important;background-repeat: repeat !important;}\u00bb el_id=\u00bbsetor-intro\u00bb][vc_column width=\u00bb1\/2&#8243;][\/vc_column][vc_column width=\u00bb1\/2&#8243; el_class=\u00bbskew\u00bb css=\u00bb.vc_custom_1609788609825{background-color: #ffffff !important;}\u00bb][vc_row_inner][vc_column_inner el_class=\u00bbskew-invert\u00bb][vc_column_text css_animation=\u00bbslideInRight\u00bb css=\u00bb\u00bb el_class=\u00bbtext light-blue\u00bb] INTERNACIONAL EL GRUPO OPERA EN ESPA\u00d1A, BRASIL Y COLOMBIA, EN SECTORES EN LOS QUE CUENTA CON UNA AMPLIA EXPERIENCIA [\/vc_column_text][\/vc_column_inner][\/vc_row_inner][vc_raw_html]PGRpdiBjbGFzcz0ic2tldy1pbnRlcm5hY2lvbmFsIj48L2Rpdj4=[\/vc_raw_html][\/vc_column][\/vc_row][vc_row el_id=\u00bbsetor-destaque\u00bb][vc_column width=\u00bb1\/2&#8243;][vc_column_text css=\u00bb\u00bb el_class=\u00bbseparador\u00bb] INMOBILIARIO, EXPORTACI\u00d3N DE VINO Y ALQUILER [&hellip;]\" \/>\n<meta property=\"og:url\" content=\"https:\/\/madre.com.pt\/es\/home\/internacional\/\" \/>\n<meta property=\"og:site_name\" content=\"Grupo Madre\" \/>\n<meta property=\"article:modified_time\" content=\"2024-06-27T08:27:44+00:00\" \/>\n<meta name=\"twitter:card\" content=\"summary_large_image\" \/>\n<meta name=\"twitter:label1\" content=\"Tiempo de lectura\" \/>\n\t<meta name=\"twitter:data1\" content=\"3 minutos\" \/>\n<script type=\"application\/ld+json\" class=\"yoast-schema-graph\">{\"@context\":\"https:\\\/\\\/schema.org\",\"@graph\":[{\"@type\":\"WebPage\",\"@id\":\"https:\\\/\\\/madre.com.pt\\\/es\\\/home\\\/internacional\\\/\",\"url\":\"https:\\\/\\\/madre.com.pt\\\/es\\\/home\\\/internacional\\\/\",\"name\":\"Internacional - Grupo Madre\",\"isPartOf\":{\"@id\":\"\\\/#website\"},\"datePublished\":\"2021-01-20T17:06:47+00:00\",\"dateModified\":\"2024-06-27T08:27:44+00:00\",\"breadcrumb\":{\"@id\":\"https:\\\/\\\/madre.com.pt\\\/es\\\/home\\\/internacional\\\/#breadcrumb\"},\"inLanguage\":\"es\",\"potentialAction\":[{\"@type\":\"ReadAction\",\"target\":[\"https:\\\/\\\/madre.com.pt\\\/es\\\/home\\\/internacional\\\/\"]}]},{\"@type\":\"BreadcrumbList\",\"@id\":\"https:\\\/\\\/madre.com.pt\\\/es\\\/home\\\/internacional\\\/#breadcrumb\",\"itemListElement\":[{\"@type\":\"ListItem\",\"position\":1,\"name\":\"In\u00edcio\",\"item\":\"https:\\\/\\\/madre.com.pt\\\/es\\\/\"},{\"@type\":\"ListItem\",\"position\":2,\"name\":\"Grupo Madre\",\"item\":\"https:\\\/\\\/madre.com.pt\\\/es\\\/\"},{\"@type\":\"ListItem\",\"position\":3,\"name\":\"Internacional\"}]},{\"@type\":\"WebSite\",\"@id\":\"\\\/#website\",\"url\":\"\\\/\",\"name\":\"Grupo Madre\",\"description\":\"Uma Vis&atilde;o Concertada do Futuro\",\"publisher\":{\"@id\":\"\\\/#organization\"},\"potentialAction\":[{\"@type\":\"SearchAction\",\"target\":{\"@type\":\"EntryPoint\",\"urlTemplate\":\"\\\/?s={search_term_string}\"},\"query-input\":{\"@type\":\"PropertyValueSpecification\",\"valueRequired\":true,\"valueName\":\"search_term_string\"}}],\"inLanguage\":\"es\"},{\"@type\":\"Organization\",\"@id\":\"\\\/#organization\",\"name\":\"Grupo Madre\",\"url\":\"\\\/\",\"logo\":{\"@type\":\"ImageObject\",\"inLanguage\":\"es\",\"@id\":\"\\\/#\\\/schema\\\/logo\\\/image\\\/\",\"url\":\"https:\\\/\\\/madre.com.pt\\\/wp-content\\\/uploads\\\/2020\\\/12\\\/cropped-Grupo_Madre_RGB-1.png\",\"contentUrl\":\"https:\\\/\\\/madre.com.pt\\\/wp-content\\\/uploads\\\/2020\\\/12\\\/cropped-Grupo_Madre_RGB-1.png\",\"width\":512,\"height\":512,\"caption\":\"Grupo Madre\"},\"image\":{\"@id\":\"\\\/#\\\/schema\\\/logo\\\/image\\\/\"}}]}<\/script>\n<!-- \/ Yoast SEO plugin. -->","yoast_head_json":{"title":"Internacional - Grupo Madre","robots":{"index":"index","follow":"follow","max-snippet":"max-snippet:-1","max-image-preview":"max-image-preview:large","max-video-preview":"max-video-preview:-1"},"canonical":"https:\/\/madre.com.pt\/es\/home\/internacional\/","og_locale":"es_ES","og_type":"article","og_title":"Internacional - Grupo Madre","og_description":"[vc_row content_placement=\u00bbmiddle\u00bb css_animation=\u00bbfadeIn\u00bb el_class=\u00bbseccao-com-skew hero\u00bb css=\u00bb.vc_custom_1717754928828{background-image: url(https:\/\/madre.com.pt\/wp-content\/uploads\/2024\/06\/mundo.jpg?id=3730) !important;background-position: 0 0 !important;background-repeat: repeat !important;}\u00bb el_id=\u00bbsetor-intro\u00bb][vc_column width=\u00bb1\/2&#8243;][\/vc_column][vc_column width=\u00bb1\/2&#8243; el_class=\u00bbskew\u00bb css=\u00bb.vc_custom_1609788609825{background-color: #ffffff !important;}\u00bb][vc_row_inner][vc_column_inner el_class=\u00bbskew-invert\u00bb][vc_column_text css_animation=\u00bbslideInRight\u00bb css=\u00bb\u00bb el_class=\u00bbtext light-blue\u00bb] INTERNACIONAL EL GRUPO OPERA EN ESPA\u00d1A, BRASIL Y COLOMBIA, EN SECTORES EN LOS QUE CUENTA CON UNA AMPLIA EXPERIENCIA [\/vc_column_text][\/vc_column_inner][\/vc_row_inner][vc_raw_html]PGRpdiBjbGFzcz0ic2tldy1pbnRlcm5hY2lvbmFsIj48L2Rpdj4=[\/vc_raw_html][\/vc_column][\/vc_row][vc_row el_id=\u00bbsetor-destaque\u00bb][vc_column width=\u00bb1\/2&#8243;][vc_column_text css=\u00bb\u00bb el_class=\u00bbseparador\u00bb] INMOBILIARIO, EXPORTACI\u00d3N DE VINO Y ALQUILER [&hellip;]","og_url":"https:\/\/madre.com.pt\/es\/home\/internacional\/","og_site_name":"Grupo Madre","article_modified_time":"2024-06-27T08:27:44+00:00","twitter_card":"summary_large_image","twitter_misc":{"Tiempo de lectura":"3 minutos"},"schema":{"@context":"https:\/\/schema.org","@graph":[{"@type":"WebPage","@id":"https:\/\/madre.com.pt\/es\/home\/internacional\/","url":"https:\/\/madre.com.pt\/es\/home\/internacional\/","name":"Internacional - Grupo Madre","isPartOf":{"@id":"\/#website"},"datePublished":"2021-01-20T17:06:47+00:00","dateModified":"2024-06-27T08:27:44+00:00","breadcrumb":{"@id":"https:\/\/madre.com.pt\/es\/home\/internacional\/#breadcrumb"},"inLanguage":"es","potentialAction":[{"@type":"ReadAction","target":["https:\/\/madre.com.pt\/es\/home\/internacional\/"]}]},{"@type":"BreadcrumbList","@id":"https:\/\/madre.com.pt\/es\/home\/internacional\/#breadcrumb","itemListElement":[{"@type":"ListItem","position":1,"name":"In\u00edcio","item":"https:\/\/madre.com.pt\/es\/"},{"@type":"ListItem","position":2,"name":"Grupo Madre","item":"https:\/\/madre.com.pt\/es\/"},{"@type":"ListItem","position":3,"name":"Internacional"}]},{"@type":"WebSite","@id":"\/#website","url":"\/","name":"Grupo Madre","description":"Uma Vis&atilde;o Concertada do Futuro","publisher":{"@id":"\/#organization"},"potentialAction":[{"@type":"SearchAction","target":{"@type":"EntryPoint","urlTemplate":"\/?s={search_term_string}"},"query-input":{"@type":"PropertyValueSpecification","valueRequired":true,"valueName":"search_term_string"}}],"inLanguage":"es"},{"@type":"Organization","@id":"\/#organization","name":"Grupo Madre","url":"\/","logo":{"@type":"ImageObject","inLanguage":"es","@id":"\/#\/schema\/logo\/image\/","url":"https:\/\/madre.com.pt\/wp-content\/uploads\/2020\/12\/cropped-Grupo_Madre_RGB-1.png","contentUrl":"https:\/\/madre.com.pt\/wp-content\/uploads\/2020\/12\/cropped-Grupo_Madre_RGB-1.png","width":512,"height":512,"caption":"Grupo Madre"},"image":{"@id":"\/#\/schema\/logo\/image\/"}}]}},"_links":{"self":[{"href":"https:\/\/madre.com.pt\/es\/wp-json\/wp\/v2\/pages\/1161","targetHints":{"allow":["GET"]}}],"collection":[{"href":"https:\/\/madre.com.pt\/es\/wp-json\/wp\/v2\/pages"}],"about":[{"href":"https:\/\/madre.com.pt\/es\/wp-json\/wp\/v2\/types\/page"}],"author":[{"embeddable":true,"href":"https:\/\/madre.com.pt\/es\/wp-json\/wp\/v2\/users\/3"}],"replies":[{"embeddable":true,"href":"https:\/\/madre.com.pt\/es\/wp-json\/wp\/v2\/comments?post=1161"}],"version-history":[{"count":13,"href":"https:\/\/madre.com.pt\/es\/wp-json\/wp\/v2\/pages\/1161\/revisions"}],"predecessor-version":[{"id":3911,"href":"https:\/\/madre.com.pt\/es\/wp-json\/wp\/v2\/pages\/1161\/revisions\/3911"}],"up":[{"embeddable":true,"href":"https:\/\/madre.com.pt\/es\/wp-json\/wp\/v2\/pages\/1217"}],"wp:attachment":[{"href":"https:\/\/madre.com.pt\/es\/wp-json\/wp\/v2\/media?parent=1161"}],"curies":[{"name":"wp","href":"https:\/\/api.w.org\/{rel}","templated":true}]}}