{"id":1172,"date":"2021-01-20T17:10:03","date_gmt":"2021-01-20T17:10:03","guid":{"rendered":"https:\/\/madre.com.pt\/turismo\/"},"modified":"2024-06-24T13:20:45","modified_gmt":"2024-06-24T13:20:45","slug":"turismo","status":"publish","type":"page","link":"https:\/\/madre.com.pt\/es\/home\/turismo\/","title":{"rendered":"Turismo"},"content":{"rendered":"<div class=\"wpb-content-wrapper\"><p>[vc_row content_placement=\u00bbmiddle\u00bb css_animation=\u00bbfadeIn\u00bb el_class=\u00bbseccao-com-skew\u00bb css=\u00bb.vc_custom_1717770102906{background-image: url(https:\/\/madre.com.pt\/wp-content\/uploads\/2024\/06\/Adriana-Beach.jpg?id=3785) !important;background-position: center !important;background-repeat: no-repeat !important;background-size: cover !important;}\u00bb el_id=\u00bbsetor-intro\u00bb][vc_column width=\u00bb1\/2&#8243;][\/vc_column][vc_column width=\u00bb1\/2&#8243; el_class=\u00bbskew\u00bb css=\u00bb.vc_custom_1609788609825{background-color: #ffffff !important;}\u00bb][vc_row_inner][vc_column_inner el_class=\u00bbskew-invert\u00bb][vc_column_text css_animation=\u00bbslideInRight\u00bb css=\u00bb\u00bb el_class=\u00bbtext green\u00bb]<\/p>\n<h5>TURISMO<\/h5>\n<h2>EL GRUPO OPERA EN ESTE SECTOR CLAVE DE LA ECONOM\u00cdA CON SEIS UNIDADES EN EL ALGARVE, UNA UNIDAD EN MINHO, Y TRES NUEVOS HOTELES EN LISBOA, SINES Y MONTARGIL<\/h2>\n<p>Tambi\u00e9n posee, por asociaci\u00f3n, otras dos unidades en Douro y en Ponte de Lima.[\/vc_column_text][\/vc_column_inner][\/vc_row_inner][vc_raw_html]PGRpdiBjbGFzcz0ic2tldy10dXJpc21vIj48L2Rpdj4=[\/vc_raw_html][\/vc_column][\/vc_row][vc_row el_id=\u00bbsetor-destaque\u00bb][vc_column width=\u00bb1\/2&#8243;][vc_column_text css=\u00bb\u00bb el_class=\u00bbseparador\u00bb]<\/p>\n<h3>LA DIFERENCIACI\u00d3N RESIDE EN LA OFERTA COMPLEMENTARIA DE LOS HOTELES DE LA CADENA<\/h3>\n<p>[\/vc_column_text][\/vc_column][vc_column width=\u00bb1\/2&#8243;][\/vc_column][\/vc_row][vc_row el_id=\u00bbsetor-texto\u00bb][vc_column width=\u00bb1\/2&#8243;][\/vc_column][vc_column width=\u00bb1\/2&#8243;][vc_column_text css=\u00bb\u00bb]<\/p>\n<h4>Para todos los p\u00fablicos<\/h4>\n<p>La actuaci\u00f3n de AP Hotels &amp; Resorts en el turismo, sector estrat\u00e9gico de la econom\u00eda del pa\u00eds, comenz\u00f3 con el Adriana Beach Club en 2007 y se ha desarrollado de forma consistente con nuevas unidades en el Algarve, la regi\u00f3n tur\u00edstica m\u00e1s importante y premiada del pa\u00eds, donde posee seis hoteles, convirti\u00e9ndose en una referencia con m\u00e1s de mil habitaciones, desde Faro a Portim\u00e3o, pasando por Tavira y Albufeira. Adem\u00e1s de Viana do Castelo, tambi\u00e9n est\u00e1 presente en Douro, donde tiene una participaci\u00f3n en Vila Gal\u00e9 Douro Vineyards, ya que invierte en el interior del pa\u00eds, donde hay una tendencia tur\u00edstica din\u00e1mica. El grupo hostelero, en fuerte expansi\u00f3n, contar\u00e1 con nuevas unidades en Lisboa, Sines y Montargil. Adem\u00e1s de estos, con ubicaciones privilegiadas junto al mar, en centros urbanos y en el interior, est\u00e1 en constante actualizaci\u00f3n de sus instalaciones. En estrecho contacto con sus clientes, destaca por su oferta gastron\u00f3mica, se preocupa por la sostenibilidad y el respeto por el medio ambiente, y promueve la cultura de las comunidades de los locales en donde se encuentra ubicado.[\/vc_column_text][\/vc_column][\/vc_row][vc_row el_id=\u00bbsetor-lista\u00bb el_class=\u00bbinfo-hotels\u00bb][vc_column width=\u00bb2\/12&#8243; el_class=\u00bbinfo-hotels-card\u00bb][vc_single_image image=\u00bb3584&#8243; img_size=\u00bbfull\u00bb alignment=\u00bbcenter\u00bb css=\u00bb\u00bb el_class=\u00bbimg-hotel\u00bb][\/vc_column][vc_column width=\u00bb4\/12&#8243; el_class=\u00bbinfo-hotels-name\u00bb][vc_column_text]<strong>AP Adriana<br \/>\nBeach Resort<\/strong>[\/vc_column_text][\/vc_column][vc_column width=\u00bb6\/12&#8243; el_class=\u00bbinfo-hotels-text\u00bb][vc_column_text css=\u00bb\u00bb el_class=\u00bbgreen\u00bb]Situado en un \u00e1rea de 17 hect\u00e1reas, el AP Adriana Beach Resort, con 438 habitaciones, ofrece a sus hu\u00e9spedes un ambiente familiar, una amplia gama de servicios y una atenci\u00f3n de calidad. Situado junto a la Playa da Fal\u00e9sia, en Olhos de \u00c1gua, Albufeira, en el Algarve, este Complejo est\u00e1 enclavado en un entorno natural y goza de una ubicaci\u00f3n privilegiada, garantizando a sus hu\u00e9spedes tranquilidad y privacidad. Cuenta con tres restaurantes, dos bares, cuatro piscinas exteriores, spa y gimnasio y un programa de animaci\u00f3n y actividades al aire libre. A las cinco salas de reuniones (para un m\u00e1ximo de 120 personas) se une un nuevo anfiteatro.<\/p>\n<p><a href=\"https:\/\/ap-hotelsresorts.com\/adriana\/\" target=\"_blank\" rel=\"noopener\">Ver sitio web<\/a>[\/vc_column_text][\/vc_column][\/vc_row][vc_row][vc_column][vc_separator color=\u00bbcustom\u00bb accent_color=\u00bb#707070&#8243;][\/vc_column][\/vc_row][vc_row el_id=\u00bbsetor-lista\u00bb el_class=\u00bbinfo-hotels\u00bb][vc_column width=\u00bb2\/12&#8243; el_class=\u00bbinfo-hotels-card\u00bb][vc_single_image image=\u00bb2748&#8243; img_size=\u00bbfull\u00bb][\/vc_column][vc_column width=\u00bb4\/12&#8243; el_class=\u00bbinfo-hotels-name\u00bb][vc_column_text]<strong>AP Eva<br \/>\nSenses<\/strong>[\/vc_column_text][\/vc_column][vc_column width=\u00bb6\/12&#8243; el_class=\u00bbinfo-hotels-text\u00bb][vc_column_text css=\u00bb\u00bb el_class=\u00bbgreen\u00bb]Abrazado por el puerto deportivo y el impresionante paisaje de la R\u00eda Formosa, el AP EVA Senses Hotel es un hito en la hospitalidad del Algarve, especialmente en la ciudad de Faro. Situado en la zona hist\u00f3rica y comercial de Faro y con 138 habitaciones, a pocos kil\u00f3metros del aeropuerto y de las islas de Faro, el AP EVA Senses Hotel es una excelente opci\u00f3n para quien busca combinar trabajo y ocio. Cuenta con seis espacios gastron\u00f3micos, entre ellos Harune, <em>Chef&#8217;s Table<\/em> y el EVA Market Steakhouse, adem\u00e1s del Rooftop Senses Bar y una piscina de temporada en la azotea, spa, gimnasio y siete salas de reuniones con capacidad para hasta 300 personas.<\/p>\n<p><a href=\"https:\/\/ap-hotelsresorts.com\/eva\" target=\"_blank\" rel=\"noopener\">Ver sitio web<\/a>[\/vc_column_text][\/vc_column][\/vc_row][vc_row][vc_column][vc_separator color=\u00bbcustom\u00bb accent_color=\u00bb#707070&#8243;][\/vc_column][\/vc_row][vc_row el_id=\u00bbsetor-lista\u00bb el_class=\u00bbinfo-hotels\u00bb][vc_column width=\u00bb2\/12&#8243; el_class=\u00bbinfo-hotels-card\u00bb][vc_single_image image=\u00bb2751&#8243; img_size=\u00bbfull\u00bb][\/vc_column][vc_column width=\u00bb4\/12&#8243; el_class=\u00bbinfo-hotels-name\u00bb][vc_column_text]<strong>AP Maria Nova<br \/>\nLounge<\/strong>[\/vc_column_text][\/vc_column][vc_column width=\u00bb6\/12&#8243;][vc_column_text css=\u00bb\u00bb el_class=\u00bbinfo-hotels-text green\u00bb]Situado en el punto m\u00e1s alto de Tavira y con 144 habitaciones y suites, este hotel se encuentra en una zona hist\u00f3rica y culturalmente rica, a pocos minutos a pie del centro de la ciudad. Operando bajo el concepto de s\u00f3lo adultos, cuenta con un restaurante, un bar piscina y un bar panor\u00e1mico, el Rooftop Nomad Restaurant &amp; Bar, una piscina exterior e interior y tres salas de reuniones con capacidad para hasta 145 participantes.<\/p>\n<p><a href=\"https:\/\/ap-hotelsresorts.com\/maria-nova\" target=\"_blank\" rel=\"noopener\">Ver sitio web<\/a>[\/vc_column_text][\/vc_column][\/vc_row][vc_row][vc_column][vc_separator color=\u00bbcustom\u00bb accent_color=\u00bb#707070&#8243;][\/vc_column][\/vc_row][vc_row el_id=\u00bbsetor-lista\u00bb el_class=\u00bbinfo-hotels\u00bb][vc_column width=\u00bb2\/12&#8243; el_class=\u00bbinfo-hotels-card\u00bb][vc_single_image image=\u00bb2754&#8243; img_size=\u00bbfull\u00bb][\/vc_column][vc_column width=\u00bb4\/12&#8243; el_class=\u00bbinfo-hotels-name\u00bb][vc_column_text]<strong>AP Oriental<br \/>\nBeach<\/strong>[\/vc_column_text][\/vc_column][vc_column width=\u00bb6\/12&#8243; el_class=\u00bbinfo-hotels-text\u00bb][vc_column_text css=\u00bb\u00bb el_class=\u00bbgreen\u00bb]Situado en Praia da Rocha, con una imponente vista del Oc\u00e9ano Atl\u00e1ntico, este hotel funciona bajo el concepto <em>adults only<\/em>, y cuenta con 90 habitaciones. Con acceso directo a la playa, cuenta con un restaurante y un bar con vistas al mar, as\u00ed como el Mandala Lounge Bar, abierto por temporadas, y una piscina exterior y gimnasio.<\/p>\n<p><a href=\"https:\/\/ap-hotelsresorts.com\/oriental\" target=\"_blank\" rel=\"noopener\">Ver sitio web<\/a>[\/vc_column_text][\/vc_column][\/vc_row][vc_row][vc_column][vc_separator color=\u00bbcustom\u00bb accent_color=\u00bb#707070&#8243;][\/vc_column][\/vc_row][vc_row el_id=\u00bbsetor-lista\u00bb el_class=\u00bbinfo-hotels\u00bb][vc_column width=\u00bb2\/12&#8243; el_class=\u00bbinfo-hotels-card\u00bb][vc_single_image image=\u00bb3588&#8243; img_size=\u00bbfull\u00bb css=\u00bb\u00bb][\/vc_column][vc_column width=\u00bb4\/12&#8243; el_class=\u00bbinfo-hotels-name\u00bb][vc_column_text]<strong>AP Victoria<br \/>\nSports &amp; Beach<\/strong>[\/vc_column_text][\/vc_column][vc_column width=\u00bb6\/12&#8243; el_class=\u00bbinfo-hotels-text\u00bb][vc_column_text css=\u00bb\u00bb el_class=\u00bbgreen\u00bb]Con 121 apartamentos, rodeado de pinos y junto al mar, el AP Victoria Sports &amp; Beach se encuentra a 700 metros de la agradable playa de Fal\u00e9sia. Elegante y moderno, perfecto como destino de ocio y deporte, incluye un Centro Deportivo, equipado con gimnasio, pista de atletismo, campo de f\u00fatbol (50&#215;100) y c\u00e9sped natural, una pista de tenis y dos de p\u00e1del, esta \u00faltima con c\u00e9sped sint\u00e9tico. Adem\u00e1s, dispone de dos piscinas exteriores y un jacuzzi, un restaurante y bar y tres salas de reuniones con capacidad para hasta 136 participantes.<\/p>\n<p><a href=\"https:\/\/ap-hotelsresorts.com\/victoria\" target=\"_blank\" rel=\"noopener\">Ver sitio web<\/a>[\/vc_column_text][\/vc_column][\/vc_row][vc_row][vc_column][vc_separator color=\u00bbcustom\u00bb accent_color=\u00bb#707070&#8243;][\/vc_column][\/vc_row][vc_row el_id=\u00bbsetor-lista\u00bb el_class=\u00bbinfo-hotels\u00bb][vc_column width=\u00bb2\/12&#8243; el_class=\u00bbinfo-hotels-card\u00bb][vc_single_image image=\u00bb2760&#8243; img_size=\u00bbfull\u00bb][\/vc_column][vc_column width=\u00bb4\/12&#8243; el_class=\u00bbinfo-hotels-name\u00bb][vc_column_text]<strong>AP Cabanas<br \/>\nBeach &amp; Nature<\/strong>[\/vc_column_text][\/vc_column][vc_column width=\u00bb6\/12&#8243; el_class=\u00bbinfo-hotels-text\u00bb][vc_column_text css=\u00bb\u00bb el_class=\u00bbgreen\u00bb]En un lugar en perfecta armon\u00eda con la naturaleza, junto al Parque Natural de Ria Formosa, ha surgido un nuevo e innovador hotel: AP Cabanas Beach &amp; Nature. Invita a disfrutar de una experiencia inolvidable, siendo la sostenibilidad uno de los pilares de esta unidad, que ofrece 340 habitaciones, tres restaurantes y dos bares, <em>spa<\/em> y gimnasio, piscina exterior y piscina interior climatizada, as\u00ed como cinco salas de reuniones y eventos (con capacidad para 130 personas) en un amplio espacio ajardinado.<\/p>\n<p><a href=\"https:\/\/ap-hotelsresorts.com\/cabanas\/\" target=\"_blank\" rel=\"noopener\">Ver sitio web<\/a>[\/vc_column_text][\/vc_column][\/vc_row][vc_row][vc_column][vc_separator color=\u00bbcustom\u00bb accent_color=\u00bb#707070&#8243;][\/vc_column][\/vc_row][vc_row el_id=\u00bbsetor-lista\u00bb el_class=\u00bbinfo-hotels\u00bb][vc_column width=\u00bb2\/12&#8243; el_class=\u00bbinfo-hotels-card\u00bb][vc_single_image image=\u00bb3571&#8243; img_size=\u00bbfull\u00bb css=\u00bb\u00bb][\/vc_column][vc_column width=\u00bb4\/12&#8243; el_class=\u00bbinfo-hotels-name\u00bb][vc_column_text css=\u00bb\u00bb]<strong>AP Dona Aninhas<br \/>\nBoutique Hotel<\/strong>[\/vc_column_text][\/vc_column][vc_column width=\u00bb6\/12&#8243; el_class=\u00bbinfo-hotels-text\u00bb][vc_column_text css=\u00bb\u00bb el_class=\u00bbgreen\u00bb]Encantador hotel <em>boutique<\/em> situado en pleno centro hist\u00f3rico de Viana do Castelo, a poca distancia de algunas de sus atracciones tur\u00edsticas m\u00e1s representativas, cuenta con restaurante y lobby bar, <em>spa<\/em> con piscina cubierta, gimnasio, sauna, ba\u00f1o turco y jacuzzi, adem\u00e1s de varias salas de masajes y tratamientos, y una sala de reuniones capaz de acoger eventos corporativos de hasta 30 personas. Con 64 habitaciones, nos transporta a la cultura de Viana, con tres temas: navegantes, filigrana y bordados de Viana, creando un ambiente cl\u00e1sico y refinado.<\/p>\n<p><a href=\"https:\/\/www.ap-hotelsresorts.com\/donaaninhas\" target=\"_blank\" rel=\"noopener\">Ver sitio web<\/a>[\/vc_column_text][\/vc_column][\/vc_row][vc_row][vc_column][vc_separator color=\u00bbcustom\u00bb accent_color=\u00bb#707070&#8243;][\/vc_column][\/vc_row][vc_row el_id=\u00bbsetor-lista\u00bb el_class=\u00bbinfo-hotels\u00bb][vc_column width=\u00bb2\/12&#8243; el_class=\u00bbinfo-hotels-card\u00bb][vc_single_image image=\u00bb3574&#8243; img_size=\u00bbfull\u00bb css=\u00bb\u00bb][\/vc_column][vc_column width=\u00bb4\/12&#8243; el_class=\u00bbinfo-hotels-name\u00bb][vc_column_text css=\u00bb\u00bb]<strong>AP Lago Montargil <\/strong><br \/>\n<strong>Conference &amp; Spa<\/strong>[\/vc_column_text][\/vc_column][vc_column width=\u00bb6\/12&#8243; el_class=\u00bbinfo-hotels-text\u00bb][vc_column_text css=\u00bb\u00bb el_class=\u00bbgreen\u00bb]Primer hotel de 5 estrellas del Grupo, situado en plena naturaleza, dispone de 99 habitaciones, seis suites y 11 <em>villas<\/em>. Incluye un spa y un gimnasio, as\u00ed como varias piscinas cubiertas y al aire libre y un Club N\u00e1utico, que invitan a realizar actividades deportivas y de ocio, desde senderismo hasta pesca y observaci\u00f3n de aves, entre otras. El hotel tambi\u00e9n dispone de amplios espacios para la celebraci\u00f3n de eventos y los terrenos que lo rodean abarcan una gran extensi\u00f3n de unas 2.000 hect\u00e1reas.<\/p>\n<p><a href=\"https:\/\/ap-hotelsresorts.com\/pt-pt\/montargil\/\" target=\"_blank\" rel=\"noopener\">Ver sitio web<\/a>[\/vc_column_text][\/vc_column][\/vc_row][vc_row equal_height=\u00bbyes\u00bb el_id=\u00bbsetor-grupo-madre\u00bb][vc_column][vc_column_text css=\u00bb.vc_custom_1719227459423{background-image: url(https:\/\/madre.com.pt\/wp-content\/uploads\/2021\/01\/the-new-york-public-library-yEauzeZU6xo-unsplash.jpg?id=167) !important;background-position: center !important;background-repeat: no-repeat !important;background-size: cover !important;}\u00bb el_class=\u00bblink-internacional\u00bb]<a href=\"https:\/\/madre.com.pt\/es\/home\/internacional\/\">Internacional<\/a>[\/vc_column_text][vc_column_text css=\u00bb.vc_custom_1719227712940{background-image: url(https:\/\/madre.com.pt\/wp-content\/uploads\/2021\/01\/Mask-Group-2-4.jpg?id=269) !important;background-position: center !important;background-repeat: no-repeat !important;background-size: cover !important;}\u00bb el_class=\u00bblink-capital\u00bb]<a href=\"https:\/\/madre.com.pt\/es\/home\/capital\/\">Capital<\/a>[\/vc_column_text][vc_column_text css=\u00bb.vc_custom_1719227824857{background-image: url(https:\/\/madre.com.pt\/wp-content\/uploads\/2021\/01\/madre-imobilia\u0301rio-scaled.jpg?id=1202) !important;background-position: center !important;background-repeat: no-repeat !important;background-size: cover !important;}\u00bb el_class=\u00bblink-imobiliario\u00bb]<a href=\"https:\/\/madre.com.pt\/es\/home\/bienes-raices\/\">Inmobili\u00e1rio<\/a>[\/vc_column_text][vc_column_text css=\u00bb.vc_custom_1719227900022{background-image: url(https:\/\/madre.com.pt\/wp-content\/uploads\/2024\/06\/kilyan-sockalingum-nW1n9eNHOsc-unsplash.jpg?id=3789) !important;background-position: center !important;background-repeat: no-repeat !important;background-size: cover !important;}\u00bb el_class=\u00bblink-entretenimento\u00bb]<a href=\"https:\/\/madre.com.pt\/es\/home\/entretenimiento\/\">Entreteniemento<\/a>[\/vc_column_text][\/vc_column][\/vc_row]<\/p>\n<\/div>","protected":false},"excerpt":{"rendered":"<p>[vc_row content_placement=\u00bbmiddle\u00bb css_animation=\u00bbfadeIn\u00bb el_class=\u00bbseccao-com-skew\u00bb css=\u00bb.vc_custom_1717770102906{background-image: url(https:\/\/madre.com.pt\/wp-content\/uploads\/2024\/06\/Adriana-Beach.jpg?id=3785) !important;background-position: center !important;background-repeat: no-repeat !important;background-size: cover !important;}\u00bb el_id=\u00bbsetor-intro\u00bb][vc_column width=\u00bb1\/2&#8243;][\/vc_column][vc_column width=\u00bb1\/2&#8243; el_class=\u00bbskew\u00bb css=\u00bb.vc_custom_1609788609825{background-color: #ffffff !important;}\u00bb][vc_row_inner][vc_column_inner el_class=\u00bbskew-invert\u00bb][vc_column_text css_animation=\u00bbslideInRight\u00bb css=\u00bb\u00bb el_class=\u00bbtext green\u00bb] TURISMO EL GRUPO OPERA EN ESTE SECTOR CLAVE DE LA ECONOM\u00cdA CON SEIS UNIDADES EN EL ALGARVE, UNA UNIDAD EN MINHO, Y TRES NUEVOS HOTELES EN LISBOA, SINES Y MONTARGIL [&hellip;]<\/p>\n","protected":false},"author":3,"featured_media":0,"parent":1217,"menu_order":0,"comment_status":"closed","ping_status":"closed","template":"","meta":{"inline_featured_image":false,"footnotes":""},"class_list":["post-1172","page","type-page","status-publish","hentry"],"yoast_head":"<!-- This site is optimized with the Yoast SEO plugin v27.3 - https:\/\/yoast.com\/product\/yoast-seo-wordpress\/ -->\n<title>Turismo - Grupo Madre<\/title>\n<meta name=\"robots\" content=\"index, follow, max-snippet:-1, max-image-preview:large, max-video-preview:-1\" \/>\n<link rel=\"canonical\" href=\"https:\/\/madre.com.pt\/es\/home\/turismo\/\" \/>\n<meta property=\"og:locale\" content=\"es_ES\" \/>\n<meta property=\"og:type\" content=\"article\" \/>\n<meta property=\"og:title\" content=\"Turismo - Grupo Madre\" \/>\n<meta property=\"og:description\" content=\"[vc_row content_placement=\u00bbmiddle\u00bb css_animation=\u00bbfadeIn\u00bb el_class=\u00bbseccao-com-skew\u00bb css=\u00bb.vc_custom_1717770102906{background-image: url(https:\/\/madre.com.pt\/wp-content\/uploads\/2024\/06\/Adriana-Beach.jpg?id=3785) !important;background-position: center !important;background-repeat: no-repeat !important;background-size: cover !important;}\u00bb el_id=\u00bbsetor-intro\u00bb][vc_column width=\u00bb1\/2&#8243;][\/vc_column][vc_column width=\u00bb1\/2&#8243; el_class=\u00bbskew\u00bb css=\u00bb.vc_custom_1609788609825{background-color: #ffffff !important;}\u00bb][vc_row_inner][vc_column_inner el_class=\u00bbskew-invert\u00bb][vc_column_text css_animation=\u00bbslideInRight\u00bb css=\u00bb\u00bb el_class=\u00bbtext green\u00bb] TURISMO EL GRUPO OPERA EN ESTE SECTOR CLAVE DE LA ECONOM\u00cdA CON SEIS UNIDADES EN EL ALGARVE, UNA UNIDAD EN MINHO, Y TRES NUEVOS HOTELES EN LISBOA, SINES Y MONTARGIL [&hellip;]\" \/>\n<meta property=\"og:url\" content=\"https:\/\/madre.com.pt\/es\/home\/turismo\/\" \/>\n<meta property=\"og:site_name\" content=\"Grupo Madre\" \/>\n<meta property=\"article:modified_time\" content=\"2024-06-24T13:20:45+00:00\" \/>\n<meta name=\"twitter:card\" content=\"summary_large_image\" \/>\n<meta name=\"twitter:label1\" content=\"Tiempo de lectura\" \/>\n\t<meta name=\"twitter:data1\" content=\"4 minutos\" \/>\n<script type=\"application\/ld+json\" class=\"yoast-schema-graph\">{\"@context\":\"https:\\\/\\\/schema.org\",\"@graph\":[{\"@type\":\"WebPage\",\"@id\":\"https:\\\/\\\/madre.com.pt\\\/es\\\/home\\\/turismo\\\/\",\"url\":\"https:\\\/\\\/madre.com.pt\\\/es\\\/home\\\/turismo\\\/\",\"name\":\"Turismo - Grupo Madre\",\"isPartOf\":{\"@id\":\"\\\/#website\"},\"datePublished\":\"2021-01-20T17:10:03+00:00\",\"dateModified\":\"2024-06-24T13:20:45+00:00\",\"breadcrumb\":{\"@id\":\"https:\\\/\\\/madre.com.pt\\\/es\\\/home\\\/turismo\\\/#breadcrumb\"},\"inLanguage\":\"es\",\"potentialAction\":[{\"@type\":\"ReadAction\",\"target\":[\"https:\\\/\\\/madre.com.pt\\\/es\\\/home\\\/turismo\\\/\"]}]},{\"@type\":\"BreadcrumbList\",\"@id\":\"https:\\\/\\\/madre.com.pt\\\/es\\\/home\\\/turismo\\\/#breadcrumb\",\"itemListElement\":[{\"@type\":\"ListItem\",\"position\":1,\"name\":\"In\u00edcio\",\"item\":\"https:\\\/\\\/madre.com.pt\\\/es\\\/\"},{\"@type\":\"ListItem\",\"position\":2,\"name\":\"Grupo Madre\",\"item\":\"https:\\\/\\\/madre.com.pt\\\/es\\\/\"},{\"@type\":\"ListItem\",\"position\":3,\"name\":\"Turismo\"}]},{\"@type\":\"WebSite\",\"@id\":\"\\\/#website\",\"url\":\"\\\/\",\"name\":\"Grupo Madre\",\"description\":\"Uma Vis&atilde;o Concertada do Futuro\",\"publisher\":{\"@id\":\"\\\/#organization\"},\"potentialAction\":[{\"@type\":\"SearchAction\",\"target\":{\"@type\":\"EntryPoint\",\"urlTemplate\":\"\\\/?s={search_term_string}\"},\"query-input\":{\"@type\":\"PropertyValueSpecification\",\"valueRequired\":true,\"valueName\":\"search_term_string\"}}],\"inLanguage\":\"es\"},{\"@type\":\"Organization\",\"@id\":\"\\\/#organization\",\"name\":\"Grupo Madre\",\"url\":\"\\\/\",\"logo\":{\"@type\":\"ImageObject\",\"inLanguage\":\"es\",\"@id\":\"\\\/#\\\/schema\\\/logo\\\/image\\\/\",\"url\":\"https:\\\/\\\/madre.com.pt\\\/wp-content\\\/uploads\\\/2020\\\/12\\\/cropped-Grupo_Madre_RGB-1.png\",\"contentUrl\":\"https:\\\/\\\/madre.com.pt\\\/wp-content\\\/uploads\\\/2020\\\/12\\\/cropped-Grupo_Madre_RGB-1.png\",\"width\":512,\"height\":512,\"caption\":\"Grupo Madre\"},\"image\":{\"@id\":\"\\\/#\\\/schema\\\/logo\\\/image\\\/\"}}]}<\/script>\n<!-- \/ Yoast SEO plugin. -->","yoast_head_json":{"title":"Turismo - Grupo Madre","robots":{"index":"index","follow":"follow","max-snippet":"max-snippet:-1","max-image-preview":"max-image-preview:large","max-video-preview":"max-video-preview:-1"},"canonical":"https:\/\/madre.com.pt\/es\/home\/turismo\/","og_locale":"es_ES","og_type":"article","og_title":"Turismo - Grupo Madre","og_description":"[vc_row content_placement=\u00bbmiddle\u00bb css_animation=\u00bbfadeIn\u00bb el_class=\u00bbseccao-com-skew\u00bb css=\u00bb.vc_custom_1717770102906{background-image: url(https:\/\/madre.com.pt\/wp-content\/uploads\/2024\/06\/Adriana-Beach.jpg?id=3785) !important;background-position: center !important;background-repeat: no-repeat !important;background-size: cover !important;}\u00bb el_id=\u00bbsetor-intro\u00bb][vc_column width=\u00bb1\/2&#8243;][\/vc_column][vc_column width=\u00bb1\/2&#8243; el_class=\u00bbskew\u00bb css=\u00bb.vc_custom_1609788609825{background-color: #ffffff !important;}\u00bb][vc_row_inner][vc_column_inner el_class=\u00bbskew-invert\u00bb][vc_column_text css_animation=\u00bbslideInRight\u00bb css=\u00bb\u00bb el_class=\u00bbtext green\u00bb] TURISMO EL GRUPO OPERA EN ESTE SECTOR CLAVE DE LA ECONOM\u00cdA CON SEIS UNIDADES EN EL ALGARVE, UNA UNIDAD EN MINHO, Y TRES NUEVOS HOTELES EN LISBOA, SINES Y MONTARGIL [&hellip;]","og_url":"https:\/\/madre.com.pt\/es\/home\/turismo\/","og_site_name":"Grupo Madre","article_modified_time":"2024-06-24T13:20:45+00:00","twitter_card":"summary_large_image","twitter_misc":{"Tiempo de lectura":"4 minutos"},"schema":{"@context":"https:\/\/schema.org","@graph":[{"@type":"WebPage","@id":"https:\/\/madre.com.pt\/es\/home\/turismo\/","url":"https:\/\/madre.com.pt\/es\/home\/turismo\/","name":"Turismo - Grupo Madre","isPartOf":{"@id":"\/#website"},"datePublished":"2021-01-20T17:10:03+00:00","dateModified":"2024-06-24T13:20:45+00:00","breadcrumb":{"@id":"https:\/\/madre.com.pt\/es\/home\/turismo\/#breadcrumb"},"inLanguage":"es","potentialAction":[{"@type":"ReadAction","target":["https:\/\/madre.com.pt\/es\/home\/turismo\/"]}]},{"@type":"BreadcrumbList","@id":"https:\/\/madre.com.pt\/es\/home\/turismo\/#breadcrumb","itemListElement":[{"@type":"ListItem","position":1,"name":"In\u00edcio","item":"https:\/\/madre.com.pt\/es\/"},{"@type":"ListItem","position":2,"name":"Grupo Madre","item":"https:\/\/madre.com.pt\/es\/"},{"@type":"ListItem","position":3,"name":"Turismo"}]},{"@type":"WebSite","@id":"\/#website","url":"\/","name":"Grupo Madre","description":"Uma Vis&atilde;o Concertada do Futuro","publisher":{"@id":"\/#organization"},"potentialAction":[{"@type":"SearchAction","target":{"@type":"EntryPoint","urlTemplate":"\/?s={search_term_string}"},"query-input":{"@type":"PropertyValueSpecification","valueRequired":true,"valueName":"search_term_string"}}],"inLanguage":"es"},{"@type":"Organization","@id":"\/#organization","name":"Grupo Madre","url":"\/","logo":{"@type":"ImageObject","inLanguage":"es","@id":"\/#\/schema\/logo\/image\/","url":"https:\/\/madre.com.pt\/wp-content\/uploads\/2020\/12\/cropped-Grupo_Madre_RGB-1.png","contentUrl":"https:\/\/madre.com.pt\/wp-content\/uploads\/2020\/12\/cropped-Grupo_Madre_RGB-1.png","width":512,"height":512,"caption":"Grupo Madre"},"image":{"@id":"\/#\/schema\/logo\/image\/"}}]}},"_links":{"self":[{"href":"https:\/\/madre.com.pt\/es\/wp-json\/wp\/v2\/pages\/1172","targetHints":{"allow":["GET"]}}],"collection":[{"href":"https:\/\/madre.com.pt\/es\/wp-json\/wp\/v2\/pages"}],"about":[{"href":"https:\/\/madre.com.pt\/es\/wp-json\/wp\/v2\/types\/page"}],"author":[{"embeddable":true,"href":"https:\/\/madre.com.pt\/es\/wp-json\/wp\/v2\/users\/3"}],"replies":[{"embeddable":true,"href":"https:\/\/madre.com.pt\/es\/wp-json\/wp\/v2\/comments?post=1172"}],"version-history":[{"count":28,"href":"https:\/\/madre.com.pt\/es\/wp-json\/wp\/v2\/pages\/1172\/revisions"}],"predecessor-version":[{"id":3854,"href":"https:\/\/madre.com.pt\/es\/wp-json\/wp\/v2\/pages\/1172\/revisions\/3854"}],"up":[{"embeddable":true,"href":"https:\/\/madre.com.pt\/es\/wp-json\/wp\/v2\/pages\/1217"}],"wp:attachment":[{"href":"https:\/\/madre.com.pt\/es\/wp-json\/wp\/v2\/media?parent=1172"}],"curies":[{"name":"wp","href":"https:\/\/api.w.org\/{rel}","templated":true}]}}