{"id":1217,"date":"2021-01-20T17:30:49","date_gmt":"2021-01-20T17:30:49","guid":{"rendered":"https:\/\/madre.com.pt\/home\/"},"modified":"2024-06-24T13:31:51","modified_gmt":"2024-06-24T13:31:51","slug":"home","status":"publish","type":"page","link":"https:\/\/madre.com.pt\/es\/","title":{"rendered":"Grupo Madre"},"content":{"rendered":"<div class=\"wpb-content-wrapper\"><p>[vc_row full_width=\u00bbstretch_row\u00bb full_height=\u00bbyes\u00bb content_placement=\u00bbmiddle\u00bb css_animation=\u00bbfadeIn\u00bb el_class=\u00bbseccao-intro\u00bb el_id=\u00bbhome-hero\u00bb][vc_column][vc_row_inner content_placement=\u00bbmiddle\u00bb el_class=\u00bbvisao-concertada\u00bb][vc_column_inner][vc_column_text css_animation=\u00bbslideInLeft\u00bb]<\/p>\n<h1>Una Visi\u00f3n Concertada del Futuro<\/h1>\n<p>[\/vc_column_text][\/vc_column_inner][\/vc_row_inner][vc_row_inner content_placement=\u00bbmiddle\u00bb el_class=\u00bbmaos-maestro\u00bb][vc_column_inner][vc_single_image image=\u00bb129&#8243; img_size=\u00bbfull\u00bb alignment=\u00bbright\u00bb css_animation=\u00bbslideInRight\u00bb el_class=\u00bbvarinha\u00bb][\/vc_column_inner][\/vc_row_inner][\/vc_column][\/vc_row][vc_row el_id=\u00bbseccao-teaser-noticias\u00bb][vc_column][vc_column_text el_class=\u00bbseparador\u00bb]<\/p>\n<h2>Not\u00edcias<\/h2>\n<p>[\/vc_column_text][vc_basic_grid post_type=\u00bbpost\u00bb max_items=\u00bb3&#8243; css=\u00bb.vc_custom_1610388200793{padding-top: 40px !important;}\u00bb grid_id=\u00bbvc_gid:1717496133297-084d3601-b5b0-9&#8243;][vc_column_text el_class=\u00bbbotao-ver-noticias\u00bb]<a href=\"https:\/\/madre.com.pt\/noticias\/\" target=\"_blank\" rel=\"noopener\">Ver todas as Not\u00edcias<\/a>[\/vc_column_text][\/vc_column][\/vc_row][vc_row content_placement=\u00bbmiddle\u00bb css_animation=\u00bbfadeIn\u00bb el_class=\u00bbseccao-com-skew\u00bb css=\u00bb.vc_custom_1611165836687{background-image: url(https:\/\/madre.com.pt\/wp-content\/uploads\/2021\/01\/Mask-Group-2.jpg?id=134) !important;background-position: center !important;background-repeat: no-repeat !important;background-size: cover !important;}\u00bb el_id=\u00bbskew-mobile-homepage\u00bb][vc_column width=\u00bb1\/2&#8243;][\/vc_column][vc_column width=\u00bb1\/2&#8243; el_class=\u00bbskew\u00bb css=\u00bb.vc_custom_1609788609825{background-color: #ffffff !important;}\u00bb][vc_row_inner][vc_column_inner el_class=\u00bbskew-invert\u00bb][vc_column_text css_animation=\u00bbslideInRight\u00bb el_class=\u00bbtext\u00bb]<\/p>\n<h2>SOLIDEZ<br \/>\nY ARMON\u00cdA<br \/>\nAL UN\u00cdSONO<\/h2>\n<p>A cria\u00e7\u00e3o sustentada de valor \u00e9 preocupa\u00e7\u00e3o inerente \u00e0 atividade do Grupo Madre, diversificada por setores relevantes na Economia nacional. Aut\u00eantica miss\u00e3o que se espelha nas empresas, encoraja a motiva\u00e7\u00e3o para a compet\u00eancia, com vista \u00e0 obten\u00e7\u00e3o de n\u00edveis elevados de efici\u00eancia e da excel\u00eancia de atua\u00e7\u00e3o, alicer\u00e7ada na valoriza\u00e7\u00e3o dos Recursos Humanos.<\/p>\n<p><a href=\"https:\/\/madre.com.pt\/es\/quienes-somos\/\">Saber m\u00e1s&#8230;<\/a>[\/vc_column_text][\/vc_column_inner][\/vc_row_inner][vc_raw_html]PGRpdiBjbGFzcz0ic2tldy1zYWxtb24iPjwvZGl2Pg==[\/vc_raw_html][\/vc_column][\/vc_row][vc_row css_animation=\u00bbfadeInRight\u00bb el_id=\u00bbgrupo-madre\u00bb][vc_column][vc_column_text el_class=\u00bbtitulo-grupo-madre\u00bb]<\/p>\n<h2>El Grupo<br \/>\nMadre<\/h2>\n<p>[\/vc_column_text][vc_column_text css=\u00bb.vc_custom_1609955507586{background-image: url(https:\/\/madre.com.pt\/wp-content\/uploads\/2021\/01\/the-new-york-public-library-yEauzeZU6xo-unsplash.jpg?id=167) !important;background-position: center !important;background-repeat: no-repeat !important;background-size: cover !important;}\u00bb el_class=\u00bblink-internacional\u00bb]<a href=\"https:\/\/madre.com.pt\/es\/home\/internacional\/\">Internacional<\/a>[\/vc_column_text][vc_column_text css=\u00bb.vc_custom_1609955540446{background-image: url(https:\/\/madre.com.pt\/wp-content\/uploads\/2021\/01\/blue-and-yellow-graph-on-stock-market-monitor-159888_2.jpg?id=164) !important;background-position: center !important;background-repeat: no-repeat !important;background-size: cover !important;}\u00bb el_class=\u00bblink-capital\u00bb]<a href=\"https:\/\/madre.com.pt\/es\/home\/capital\/\">Capital<\/a>[\/vc_column_text][vc_column_text css=\u00bb.vc_custom_1609955551094{background-image: url(https:\/\/madre.com.pt\/wp-content\/uploads\/2021\/01\/Adriana_Panoramic-View.jpg?id=163) !important;background-position: center !important;background-repeat: no-repeat !important;background-size: cover !important;}\u00bb el_class=\u00bblink-turismo\u00bb]<a href=\"https:\/\/madre.com.pt\/es\/home\/turismo\/\">Turismo<\/a>[\/vc_column_text][vc_column_text css=\u00bb.vc_custom_1609955574397{background-image: url(https:\/\/madre.com.pt\/wp-content\/uploads\/2021\/01\/hayden-scott-nvmC0hSW0cU-unsplash.jpg?id=165) !important;background-position: center !important;background-repeat: no-repeat !important;background-size: cover !important;}\u00bb el_class=\u00bblink-imobiliario\u00bb]<a href=\"\/imobiliario\/\">Inmobili\u00e1rio<\/a>[\/vc_column_text][vc_column_text css=\u00bb.vc_custom_1609956869863{background-image: url(https:\/\/madre.com.pt\/wp-content\/uploads\/2021\/01\/kilyan-sockalingum-nW1n9eNHOsc-unsplash.jpg?id=166) !important;background-position: center !important;background-repeat: no-repeat !important;background-size: cover !important;}\u00bb el_class=\u00bblink-entretenimento\u00bb]<a href=\"https:\/\/madre.com.pt\/es\/home\/entretenimiento\/\">Entretenimiento<\/a>[\/vc_column_text][\/vc_column][\/vc_row][vc_row css=\u00bb.vc_custom_1609863178653{background-color: #ffffff !important;}\u00bb el_id=\u00bbmapa-mundo\u00bb][vc_column][vc_column_text el_class=\u00bbseparador\u00bb]<\/p>\n<h2>Grupo Madre<br \/>\nen el Mundo<\/h2>\n<p>[\/vc_column_text][vc_single_image image=\u00bb173&#8243; img_size=\u00bbfull\u00bb alignment=\u00bbcenter\u00bb css_animation=\u00bbnone\u00bb][vc_row_inner][vc_column_inner width=\u00bb1\/3&#8243;][\/vc_column_inner][vc_column_inner width=\u00bb1\/3&#8243;][\/vc_column_inner][vc_column_inner width=\u00bb1\/3&#8243;][vc_column_text el_class=\u00bblegenda-map\u00bb]<strong>1.<\/strong> Portugal\u00a0 <strong>2.<\/strong> Espa\u00f1a\u00a0 <strong>3.<\/strong> Brasil\u00a0 <strong>4.<\/strong> Colombia[\/vc_column_text][\/vc_column_inner][\/vc_row_inner][vc_row_inner el_id=\u00bbmap-stats\u00bb][vc_column_inner][vc_column_text css=\u00bb\u00bb]<strong>&gt; 100 me<\/strong><br \/>\nvolumen de comercio<\/p>\n<p><strong>&gt; 1000<\/strong><br \/>\nempleados<\/p>\n<p><strong>12\u00ba hotel<\/strong><br \/>\nen construcci\u00f3n<\/p>\n<p><strong>Landbank<br \/>\n<\/strong>de frutas blandas y tropicales<\/p>\n<p><strong>70 hect\u00e1reas<\/strong><br \/>\nde frutas blandas y tropicales<\/p>\n<p><strong>13 hect\u00e1reas<\/strong><br \/>\nde invernaderos para la producci\u00f3n de Cannabis<\/p>\n<p><strong>bodega industrial<\/strong><br \/>\nBodega con 5840 m2. En un per\u00edmetro total de 3,2 hect\u00e1reas<\/p>\n<p><strong>l\u00edderes de audiencia<\/strong><br \/>\nApoyo a la MEDIA TV Programming para la Ficci\u00f3n[\/vc_column_text][\/vc_column_inner][\/vc_row_inner][\/vc_column][\/vc_row][vc_row el_id=\u00bbnewsletter\u00bb css=\u00bb.vc_custom_1609868421868{background-image: url(https:\/\/madre.com.pt\/wp-content\/uploads\/2021\/01\/newsletter-background.jpg?id=177) !important;background-position: center !important;background-repeat: no-repeat !important;background-size: cover !important;}\u00bb][vc_column width=\u00bb1\/3&#8243;][\/vc_column][vc_column width=\u00bb1\/3&#8243;][vc_column_text]<\/p>\n<h2 style=\"text-align: center;\">Newsletter<\/h2>\n<h3 style=\"text-align: center;\">Mant\u00e9ngase informado de las \u00faltimas noticias del Grupo Madre.<\/h3>\n<p style=\"text-align: center;\"><a href=\"https:\/\/madre.com.pt\/es\/newsletter\/\">Ver Newsletter<\/a><\/p>\n<p>[\/vc_column_text][\/vc_column][vc_column width=\u00bb1\/3&#8243;][\/vc_column][\/vc_row][vc_row][vc_column][vc_raw_html]PHN0eWxlIGRhdGEtdHlwZT0idmNfc2hvcnRjb2Rlcy1jdXN0b20tY3NzIj4udmNfY3VzdG9tXzE0MTkyNDA1MTY0ODB7YmFja2dyb3VuZC1jb2xvcjogdHJhbnNwYXJlbnQgIWltcG9ydGFudDt9PC9zdHlsZT4=[\/vc_raw_html][\/vc_column][\/vc_row]<\/p>\n<\/div>","protected":false},"excerpt":{"rendered":"<p>[vc_row full_width=\u00bbstretch_row\u00bb full_height=\u00bbyes\u00bb content_placement=\u00bbmiddle\u00bb css_animation=\u00bbfadeIn\u00bb el_class=\u00bbseccao-intro\u00bb el_id=\u00bbhome-hero\u00bb][vc_column][vc_row_inner content_placement=\u00bbmiddle\u00bb el_class=\u00bbvisao-concertada\u00bb][vc_column_inner][vc_column_text css_animation=\u00bbslideInLeft\u00bb] Una Visi\u00f3n Concertada del Futuro [\/vc_column_text][\/vc_column_inner][\/vc_row_inner][vc_row_inner content_placement=\u00bbmiddle\u00bb el_class=\u00bbmaos-maestro\u00bb][vc_column_inner][vc_single_image image=\u00bb129&#8243; img_size=\u00bbfull\u00bb alignment=\u00bbright\u00bb css_animation=\u00bbslideInRight\u00bb el_class=\u00bbvarinha\u00bb][\/vc_column_inner][\/vc_row_inner][\/vc_column][\/vc_row][vc_row el_id=\u00bbseccao-teaser-noticias\u00bb][vc_column][vc_column_text el_class=\u00bbseparador\u00bb] Not\u00edcias [\/vc_column_text][vc_basic_grid post_type=\u00bbpost\u00bb max_items=\u00bb3&#8243; css=\u00bb.vc_custom_1610388200793{padding-top: 40px !important;}\u00bb grid_id=\u00bbvc_gid:1717496133297-084d3601-b5b0-9&#8243;][vc_column_text el_class=\u00bbbotao-ver-noticias\u00bb]Ver todas as Not\u00edcias[\/vc_column_text][\/vc_column][\/vc_row][vc_row content_placement=\u00bbmiddle\u00bb css_animation=\u00bbfadeIn\u00bb el_class=\u00bbseccao-com-skew\u00bb css=\u00bb.vc_custom_1611165836687{background-image: url(https:\/\/madre.com.pt\/wp-content\/uploads\/2021\/01\/Mask-Group-2.jpg?id=134) !important;background-position: center !important;background-repeat: no-repeat !important;background-size: cover !important;}\u00bb el_id=\u00bbskew-mobile-homepage\u00bb][vc_column width=\u00bb1\/2&#8243;][\/vc_column][vc_column width=\u00bb1\/2&#8243; el_class=\u00bbskew\u00bb css=\u00bb.vc_custom_1609788609825{background-color: #ffffff [&hellip;]<\/p>\n","protected":false},"author":1,"featured_media":0,"parent":0,"menu_order":0,"comment_status":"closed","ping_status":"closed","template":"","meta":{"inline_featured_image":false,"footnotes":""},"class_list":["post-1217","page","type-page","status-publish","hentry"],"yoast_head":"<!-- This site is optimized with the Yoast SEO plugin v27.3 - https:\/\/yoast.com\/product\/yoast-seo-wordpress\/ -->\n<title>GRUPO MADRE - UNA VISI\u00d3N CONCERTADA DEL FUTURO<\/title>\n<meta name=\"description\" content=\"La creaci\u00f3n sostenible de valor es una preocupaci\u00f3n inherente a la actividad del Grupo Madre, diversificada en sectores relevantes de la econom\u00eda nacional.\" \/>\n<meta name=\"robots\" content=\"index, follow, max-snippet:-1, max-image-preview:large, max-video-preview:-1\" \/>\n<link rel=\"canonical\" href=\"https:\/\/madre.com.pt\/es\/\" \/>\n<meta property=\"og:locale\" content=\"es_ES\" \/>\n<meta property=\"og:type\" content=\"article\" \/>\n<meta property=\"og:title\" content=\"GRUPO MADRE - UNA VISI\u00d3N CONCERTADA DEL FUTURO\" \/>\n<meta property=\"og:description\" content=\"La creaci\u00f3n sostenible de valor es una preocupaci\u00f3n inherente a la actividad del Grupo Madre, diversificada en sectores relevantes de la econom\u00eda nacional.\" \/>\n<meta property=\"og:url\" content=\"https:\/\/madre.com.pt\/es\/\" \/>\n<meta property=\"og:site_name\" content=\"Grupo Madre\" \/>\n<meta property=\"article:modified_time\" content=\"2024-06-24T13:31:51+00:00\" \/>\n<meta name=\"twitter:card\" content=\"summary_large_image\" \/>\n<meta name=\"twitter:label1\" content=\"Tiempo de lectura\" \/>\n\t<meta name=\"twitter:data1\" content=\"4 minutos\" \/>\n<script type=\"application\/ld+json\" class=\"yoast-schema-graph\">{\"@context\":\"https:\\\/\\\/schema.org\",\"@graph\":[{\"@type\":\"WebPage\",\"@id\":\"https:\\\/\\\/madre.com.pt\\\/es\\\/\",\"url\":\"https:\\\/\\\/madre.com.pt\\\/es\\\/\",\"name\":\"GRUPO MADRE - UNA VISI\u00d3N CONCERTADA DEL FUTURO\",\"isPartOf\":{\"@id\":\"\\\/#website\"},\"datePublished\":\"2021-01-20T17:30:49+00:00\",\"dateModified\":\"2024-06-24T13:31:51+00:00\",\"description\":\"La creaci\u00f3n sostenible de valor es una preocupaci\u00f3n inherente a la actividad del Grupo Madre, diversificada en sectores relevantes de la econom\u00eda nacional.\",\"breadcrumb\":{\"@id\":\"https:\\\/\\\/madre.com.pt\\\/es\\\/#breadcrumb\"},\"inLanguage\":\"es\",\"potentialAction\":[{\"@type\":\"ReadAction\",\"target\":[\"https:\\\/\\\/madre.com.pt\\\/es\\\/\"]}]},{\"@type\":\"BreadcrumbList\",\"@id\":\"https:\\\/\\\/madre.com.pt\\\/es\\\/#breadcrumb\",\"itemListElement\":[{\"@type\":\"ListItem\",\"position\":1,\"name\":\"In\u00edcio\",\"item\":\"https:\\\/\\\/madre.com.pt\\\/es\\\/\"},{\"@type\":\"ListItem\",\"position\":2,\"name\":\"Grupo Madre\"}]},{\"@type\":\"WebSite\",\"@id\":\"\\\/#website\",\"url\":\"\\\/\",\"name\":\"Grupo Madre\",\"description\":\"Uma Vis&atilde;o Concertada do Futuro\",\"publisher\":{\"@id\":\"\\\/#organization\"},\"potentialAction\":[{\"@type\":\"SearchAction\",\"target\":{\"@type\":\"EntryPoint\",\"urlTemplate\":\"\\\/?s={search_term_string}\"},\"query-input\":{\"@type\":\"PropertyValueSpecification\",\"valueRequired\":true,\"valueName\":\"search_term_string\"}}],\"inLanguage\":\"es\"},{\"@type\":\"Organization\",\"@id\":\"\\\/#organization\",\"name\":\"Grupo Madre\",\"url\":\"\\\/\",\"logo\":{\"@type\":\"ImageObject\",\"inLanguage\":\"es\",\"@id\":\"\\\/#\\\/schema\\\/logo\\\/image\\\/\",\"url\":\"https:\\\/\\\/madre.com.pt\\\/wp-content\\\/uploads\\\/2020\\\/12\\\/cropped-Grupo_Madre_RGB-1.png\",\"contentUrl\":\"https:\\\/\\\/madre.com.pt\\\/wp-content\\\/uploads\\\/2020\\\/12\\\/cropped-Grupo_Madre_RGB-1.png\",\"width\":512,\"height\":512,\"caption\":\"Grupo Madre\"},\"image\":{\"@id\":\"\\\/#\\\/schema\\\/logo\\\/image\\\/\"}}]}<\/script>\n<!-- \/ Yoast SEO plugin. -->","yoast_head_json":{"title":"GRUPO MADRE - UNA VISI\u00d3N CONCERTADA DEL FUTURO","description":"La creaci\u00f3n sostenible de valor es una preocupaci\u00f3n inherente a la actividad del Grupo Madre, diversificada en sectores relevantes de la econom\u00eda nacional.","robots":{"index":"index","follow":"follow","max-snippet":"max-snippet:-1","max-image-preview":"max-image-preview:large","max-video-preview":"max-video-preview:-1"},"canonical":"https:\/\/madre.com.pt\/es\/","og_locale":"es_ES","og_type":"article","og_title":"GRUPO MADRE - UNA VISI\u00d3N CONCERTADA DEL FUTURO","og_description":"La creaci\u00f3n sostenible de valor es una preocupaci\u00f3n inherente a la actividad del Grupo Madre, diversificada en sectores relevantes de la econom\u00eda nacional.","og_url":"https:\/\/madre.com.pt\/es\/","og_site_name":"Grupo Madre","article_modified_time":"2024-06-24T13:31:51+00:00","twitter_card":"summary_large_image","twitter_misc":{"Tiempo de lectura":"4 minutos"},"schema":{"@context":"https:\/\/schema.org","@graph":[{"@type":"WebPage","@id":"https:\/\/madre.com.pt\/es\/","url":"https:\/\/madre.com.pt\/es\/","name":"GRUPO MADRE - UNA VISI\u00d3N CONCERTADA DEL FUTURO","isPartOf":{"@id":"\/#website"},"datePublished":"2021-01-20T17:30:49+00:00","dateModified":"2024-06-24T13:31:51+00:00","description":"La creaci\u00f3n sostenible de valor es una preocupaci\u00f3n inherente a la actividad del Grupo Madre, diversificada en sectores relevantes de la econom\u00eda nacional.","breadcrumb":{"@id":"https:\/\/madre.com.pt\/es\/#breadcrumb"},"inLanguage":"es","potentialAction":[{"@type":"ReadAction","target":["https:\/\/madre.com.pt\/es\/"]}]},{"@type":"BreadcrumbList","@id":"https:\/\/madre.com.pt\/es\/#breadcrumb","itemListElement":[{"@type":"ListItem","position":1,"name":"In\u00edcio","item":"https:\/\/madre.com.pt\/es\/"},{"@type":"ListItem","position":2,"name":"Grupo Madre"}]},{"@type":"WebSite","@id":"\/#website","url":"\/","name":"Grupo Madre","description":"Uma Vis&atilde;o Concertada do Futuro","publisher":{"@id":"\/#organization"},"potentialAction":[{"@type":"SearchAction","target":{"@type":"EntryPoint","urlTemplate":"\/?s={search_term_string}"},"query-input":{"@type":"PropertyValueSpecification","valueRequired":true,"valueName":"search_term_string"}}],"inLanguage":"es"},{"@type":"Organization","@id":"\/#organization","name":"Grupo Madre","url":"\/","logo":{"@type":"ImageObject","inLanguage":"es","@id":"\/#\/schema\/logo\/image\/","url":"https:\/\/madre.com.pt\/wp-content\/uploads\/2020\/12\/cropped-Grupo_Madre_RGB-1.png","contentUrl":"https:\/\/madre.com.pt\/wp-content\/uploads\/2020\/12\/cropped-Grupo_Madre_RGB-1.png","width":512,"height":512,"caption":"Grupo Madre"},"image":{"@id":"\/#\/schema\/logo\/image\/"}}]}},"_links":{"self":[{"href":"https:\/\/madre.com.pt\/es\/wp-json\/wp\/v2\/pages\/1217","targetHints":{"allow":["GET"]}}],"collection":[{"href":"https:\/\/madre.com.pt\/es\/wp-json\/wp\/v2\/pages"}],"about":[{"href":"https:\/\/madre.com.pt\/es\/wp-json\/wp\/v2\/types\/page"}],"author":[{"embeddable":true,"href":"https:\/\/madre.com.pt\/es\/wp-json\/wp\/v2\/users\/1"}],"replies":[{"embeddable":true,"href":"https:\/\/madre.com.pt\/es\/wp-json\/wp\/v2\/comments?post=1217"}],"version-history":[{"count":17,"href":"https:\/\/madre.com.pt\/es\/wp-json\/wp\/v2\/pages\/1217\/revisions"}],"predecessor-version":[{"id":3877,"href":"https:\/\/madre.com.pt\/es\/wp-json\/wp\/v2\/pages\/1217\/revisions\/3877"}],"wp:attachment":[{"href":"https:\/\/madre.com.pt\/es\/wp-json\/wp\/v2\/media?parent=1217"}],"curies":[{"name":"wp","href":"https:\/\/api.w.org\/{rel}","templated":true}]}}